{"id":1111,"date":"2025-09-26T11:14:08","date_gmt":"2025-09-26T09:14:08","guid":{"rendered":"https:\/\/www.campingsaintgabriel.com\/wettelijke-informatie\/"},"modified":"2023-01-16T11:18:48","modified_gmt":"2023-01-16T10:18:48","slug":"wettelijke-informatie","status":"publish","type":"page","link":"https:\/\/www.campingsaintgabriel.com\/nl\/wettelijke-informatie\/","title":{"rendered":"Wettelijke informatie"},"content":{"rendered":"\n<section class=\"wp-container-69e49c111ab68 wp-block-group alignfull F-05-a loco-container-scroll\"><div class=\"wp-block-group__inner-container\">\n<figure class=\"wp-block-image size-full wp-embed-aspect-16-9 wp-has-aspect-ratio\"><img src=\"https:\/\/www.campingsaintgabriel.com\/wp-content\/uploads\/2022\/12\/camping-bouche-du-rhone.jpg\" alt=\"\" class=\"wp-image-700\"\/><\/figure>\n\n<ctv-searchbar><\/ctv-searchbar>\n\n\n\n<p class=\"texte-h\">Camping Sint Gabri\u00ebl<\/p>\n<\/div><\/section>\n\n<h1 class=\"has-text-align-center\" id=\"mentions-legales\">Wettelijke informatie<\/h1>\n\n<div class=\"wp-block-columns\">\n<div class=\"wp-block-column\">\n<p class=\"h2 has-sous-titre-font-size\"><strong><span itemprop=\"name\">Saint Gabriel<\/span><\/strong><br\/><span class=\"wrp_denomination\"><span>SARL SAINT GABRIEL<\/span><\/span><\/p>\n\n\n\n<p><strong>Adres<\/strong>:  <span class=\"wrp_adresse\"><span itemprop=\"address\">Route de Fontvieille 13150 TARASCON<\/span><\/span> <span class=\"wrp_adresse2\"><span itemprop=\"address2\"><\/span><\/span><br\/><strong>Tel:<\/strong> <a itemprop=\"telephone\" href=\"tel:+33490911983\">04 90 91 19 83<\/a><br\/><strong>Mail:<\/strong> <a itemprop=\"email\" href=\"mailto:contact@campingsaintgabriel.com\">contact@campingsaintgabriel.com<\/a><br\/><strong>SIRET:<\/strong> <span class=\"wrp_siret\"><span>909 244 253 00011<\/span><\/span><br\/><strong>RCS:<\/strong> <span class=\"wrp_rcs\"><span>909 244 253 R.C.S. Tarascon<\/span><\/span><br\/><strong>BTW :<\/strong> <span class=\"wrp_tva\"><span>FR3990924 4253<\/span><\/span><br\/><strong>Kapitaal :<\/strong> <span class=\"wrp_capital\"><span>128,58 Euros<\/span><\/span><\/p>\n\n\n\n<p>De website <a href=\"https:\/\/www.campingsaintgabriel.com\/nl\/\" itemprop=\"url\">campingsaintgabriel.com\/nl\/<\/a> wordt gehost door het bedrijf <strong>Niwanet<\/strong>.<\/p>\n\n\n\n<p><strong>FRANCECOM, Web Agency<br\/> 2<\/strong>, Boulevard Jean Moulin 44100 NANTES<br\/><strong>Tel<\/strong>: 02 51 80 88 88<br\/><strong>Fax<\/strong>: 02 51 80 88 87<br\/><strong>Web<\/strong>: <a rel=\"noreferrer noopener\" href=\"http:\/\/www.francecom.com\/\" target=\"_blank\">www.francecom.fr<\/a><br\/>RCS : Nantes B 410 557 151<br\/>SIRET : 41055715100033<\/p>\n\n\n\n<p>Het raadplegen van de website <a href=\"https:\/\/www.campingsaintgabriel.com\/nl\/\" itemprop=\"url\">campingsaintgabriel.com\/nl\/<\/a> is onderworpen aan de volledige aanvaarding en naleving door de internetgebruikers van de volgende gebruiksvoorwaarden.<\/p>\n\n\n\n<p>De internetgebruiker verbindt zich ertoe de informatie op de site voor persoonlijke en niet-commerci\u00eble doeleinden te gebruiken. In geval van niet-naleving van de bepalingen van dit Handvest door de internetgebruiker kan deze burgerlijk en\/of strafrechtelijk aansprakelijk worden gesteld.<\/p>\n\n\n\n<p class=\"h2 has-sous-titre-font-size\"><strong><strong><strong>Inhoud van de site<\/strong><\/strong><\/strong><\/p>\n\n\n\n<p>De site wordt beheerd door het bedrijf <strong>\n  <strong>\n    <span itemprop=\"name\">Saint Gabriel<\/span>\n  <\/strong>\n<\/strong>.<\/p>\n\n\n\n<p>De site presenteert de activiteiten van het bedrijf <strong>\n  <strong>\n    <span itemprop=\"name\">Saint Gabriel<\/span>\n  <\/strong>\n<\/strong>.<\/p>\n\n\n\n<p class=\"h2 has-sous-titre-font-size\"><strong><strong><strong>Intellectueel eigendom<\/strong><\/strong><\/strong><\/p>\n\n\n\n<p>De Site <a href=\"https:\/\/www.campingsaintgabriel.com\/nl\/\" itemprop=\"url\">campingsaintgabriel.com\/nl\/<\/a> vormt een werk waarvan <strong>Francecom<\/strong> de auteur is in de zin van de artikelen L111.1 en volgende van het Wetboek van Intellectuele Eigendom.<\/p>\n\n\n\n<p>In het algemeen zijn de gegevens, programma&#8217;s, muzikale voorbeelden, teksten, informatie, logo&#8217;s, visuele identiteiten, afbeeldingen, al dan niet geanimeerd, en hun opmaak die op de Site <a href=\"https:\/\/www.campingsaintgabriel.com\/nl\/\" itemprop=\"url\">campingsaintgabriel.com\/nl\/<\/a> verschijnen, eigendom van <strong>Francecom<\/strong> (met uitzondering van foto&#8217;s van het bedrijf.  <strong><strong><strong><span itemprop=\"name\">Saint Gabriel<\/span><\/strong><\/strong><\/strong>  en teksten geschreven door het bedrijf  <strong><strong><strong><span itemprop=\"name\">Saint Gabriel<\/span><\/strong><\/strong><\/strong>) en worden derhalve beschermd door de bepalingen van de wet op de intellectuele eigendom.<\/p>\n\n\n\n<p>Elke internetgebruiker verbindt zich ertoe deze niet te gebruiken en niemand toe te staan deze inhoud voor illegale doeleinden te gebruiken.<\/p>\n\n\n\n<p>Elke weergave of reproductie, geheel of gedeeltelijk, permanent of tijdelijk, op een computer- en\/of papieren drager, en met welk middel dan ook (met name door framing*), van een van de elementen van de Site  <a href=\"https:\/\/www.campingsaintgabriel.com\/nl\/\" itemprop=\"url\">campingsaintgabriel.com\/nl\/<\/a>  of te koop aangeboden diensten, zonder voorafgaande en uitdrukkelijke toestemming van <strong>Francecom<\/strong> is verboden, en vormt een daad van namaak, die kan leiden tot civiele en\/of strafrechtelijke sancties. Alleen kopie\u00ebn op papier zijn toegestaan voor priv\u00e9-kopie\u00ebn voor het exclusieve gebruik van de kopieerder in de zin van artikel L122-5 2\u00b0 van het wetboek van intellectuele eigendom.<\/p>\n\n\n\n<p>Geen enkele hypertext link naar de Site <a href=\"https:\/\/www.campingsaintgabriel.com\/nl\/\" itemprop=\"url\">campingsaintgabriel.com\/nl\/<\/a> mag worden ge\u00efnstalleerd zonder voorafgaande en uitdrukkelijke toestemming van <strong>Francecom<\/strong>.<\/p>\n\n\n\n<p>*De handeling waarbij de inhoud van pagina&#8217;s op een website wordt overgenomen en door middel van een hyperlink naar de eigen website wordt overgebracht, zodat het lijkt alsof de inhoud van die pagina&#8217;s van jezelf is.<\/p>\n\n\n\n<p class=\"h2 has-sous-titre-font-size\"><strong><strong><strong>Foto&#8217;s<\/strong><\/strong><\/strong><\/p>\n\n\n\n<p>Foto&#8217;s zijn niet contractueel.<\/p>\n<\/div>\n\n\n\n<div class=\"wp-block-column\">\n<p class=\"h2 has-sous-titre-font-size\"><strong><strong>Verantwoordelijkheid<\/strong><\/strong><\/p>\n\n\n\n<p>Het bedrijf<strong> <strong><span itemprop=\"name\">Saint Gabriel<\/span><\/strong><\/strong> wijst alle verantwoordelijkheid af voor eventuele storingen op de site <a href=\"https:\/\/www.campingsaintgabriel.com\/nl\/\" itemprop=\"url\">campingsaintgabriel.com\/nl\/<\/a> die leiden tot verlies van gegevens of onbeschikbaarheid van de op de site geproduceerde informatie.<\/p>\n\n\n\n<p>De op de website <a href=\"https:\/\/www.campingsaintgabriel.com\/nl\/\" itemprop=\"url\">campingsaintgabriel.com\/nl\/<\/a> gepresenteerde elementen kunnen zonder voorafgaande kennisgeving worden gewijzigd en worden de internetgebruikers ter beschikking gesteld zonder enige uitdrukkelijke of stilzwijgende garantie.<\/p>\n\n\n\n<p>De aanwezigheid van hyperlinks op de website <a href=\"https:\/\/www.campingsaintgabriel.com\/nl\/\" itemprop=\"url\">campingsaintgabriel.com\/nl\/<\/a> &#8211; ongeacht of de vennootschap daarvoor al dan niet vooraf toestemming heeft gegeven &#8211; schept geen hoofdelijke aansprakelijkheid tussen de vennootschap en de eigenaars van de andere sites voor de inhoud van de sites waarnaar de gebruiker wordt doorverwezen. <strong>\n  <strong>\n    <strong>\n      <span itemprop=\"name\">Saint Gabriel<\/span>\n    <\/strong>\n  <\/strong>\n<\/strong> &#8211; cre\u00ebert geen solidariteit van verantwoordelijkheid tussen deze laatste en de eigenaars van de andere sites, zoals voor de inhoud van de sites waarop de internetgebruiker wordt doorgestuurd.<\/p>\n\n\n\n<p>Het bedrijf  <strong><strong><strong><span itemprop=\"name\">Saint Gabriel<\/span><\/strong><\/strong><\/strong>  kan de volledigheid en juistheid van de informatie op de website <a href=\"https:\/\/www.campingsaintgabriel.com\/nl\/\" itemprop=\"url\">campingsaintgabriel.com\/nl\/<\/a> niet garanderen. Evenmin kan het de afwezigheid van wijzigingen door derden (inbraak, virus) garanderen.<\/p>\n\n\n\n<p>Bovendien is de internetgebruiker als enige verantwoordelijk voor het gebruik dat hij maakt van de inhoud van de website <a href=\"https:\/\/www.campingsaintgabriel.com\/nl\/\" itemprop=\"url\">campingsaintgabriel.com\/nl\/<\/a>. Behalve in geval van grove nalatigheid van het bedrijf  <strong><strong><strong><span itemprop=\"name\">Saint Gabriel<\/span><\/strong><\/strong><\/strong>Indien de op de website <a href=\"https:\/\/www.campingsaintgabriel.com\/nl\/\" itemprop=\"url\">campingsaintgabriel.com\/nl\/<\/a> verstrekte informatie wordt gebruikt voor een ander doel dan waarvoor zij bestemd is, is het bedrijf niet aansprakelijk voor enige directe of indirecte schade die voortvloeit uit het gebruik van de op de website verstrekte informatie.<\/p>\n\n\n\n<p class=\"h2 has-sous-titre-font-size\"><strong><strong>Toepasselijk recht en jurisdictie<\/strong><\/strong><\/p>\n\n\n\n<p>Alle op de website <a href=\"https:\/\/www.campingsaintgabriel.com\/nl\/\" itemprop=\"url\">campingsaintgabriel.com\/nl\/<\/a> gepubliceerde informatie en het gebruik ervan zijn uitsluitend onderworpen aan het Franse recht. Alleen de rechtbanken binnen het rechtsgebied van het<strong> Hof van Beroep <span class=\"wrp_cours_appel\"><span>d'Aix-en-Provence<\/span><\/span><\/strong> zijn bevoegd om kennis te nemen van eventuele geschillen die voortvloeien uit het gebruik van de website <a href=\"https:\/\/www.campingsaintgabriel.com\/nl\/\" itemprop=\"url\">campingsaintgabriel.com\/nl\/<\/a>.<br\/><\/p>\n\n\n\n<p><strong>CM2C<\/strong><br\/>14 rue Saint Jean<br\/>75017 Parijs<br\/><a href=\"https:\/\/www.cm2c.net\/\" target=\"_blank\" rel=\"noreferrer noopener\">https:\/\/cm2c.net<\/a><br\/><a href=\"mailto:cm2c@cm2c.net\">cm2c@cm2c.net<\/a><\/p>\n\n\n\n<p class=\"h2 has-sous-titre-font-size\"><strong>Algemene verkoopsvoorwaarden<\/strong><\/p>\n\n\n\n<p>Op de website <a href=\"https:\/\/www.campingsaintgabriel.com\/nl\/\" itemprop=\"url\">campingsaintgabriel.com\/nl\/<\/a> kunnen geen aankopen worden gedaan. De algemene verkoopvoorwaarden zijn beschikbaar in de rubriek Documenten om te downloaden, of op aanvraag op het adres  <strong><strong><a itemprop=\"email\" href=\"mailto:contact@campingsaintgabriel.com\">contact@campingsaintgabriel.com<\/a><\/strong><\/strong><\/p>\n\n\n\n<p class=\"h2 has-sous-titre-font-size\"><strong>Informatie over cookies op onze site<\/strong><\/p>\n\n\n\n<p>Gedetailleerde informatie over cookies en hoe ze op de site worden behandeld is hier beschikbaar: <a href=\"https:\/\/www.campingsaintgabriel.com\/nl\/cookiebeleid-eu\/\" data-type=\"page\" data-id=\"126\">Cookiebeleid (EU)<\/a><\/p>\n\n\n\n<p>Meer informatie over het gebruik van cookies vindt u op de website van de CNIL: <strong>\n  <a href=\"https:\/\/www.cnil.fr\/fr\/cookies-et-autres-traceurs\/comment-se-proteger\/maitriser-votre-navigateur\" target=\"_blank\" rel=\"noreferrer noopener\">www.cnil.fr\/vos-droits\/vos-traces\/les-cookies\/<\/a>\n<\/strong><\/p>\n\n\n\n<p><strong>Informatie over het privacybeleid en het beheer van persoonsgegevens:<\/strong><\/p>\n\n\n\n<p>Gedetailleerde informatie over het <a href=\"https:\/\/www.campingsaintgabriel.com\/nl\/privacy-en-persoonsgegevens\/\" data-type=\"page\" data-id=\"96\">privacybeleid en het beheer van persoonsgegevens<\/a><\/p>\n<\/div>\n<\/div>\n","protected":false},"excerpt":{"rendered":"Camping Sint Gabri\u00ebl Wettelijke informatie Adres: Tel: Mail: SIRET: RCS: [&hellip;]","protected":false},"author":1,"featured_media":0,"parent":0,"menu_order":0,"comment_status":"closed","ping_status":"closed","template":"","meta":[],"acf":[],"_links":{"self":[{"href":"https:\/\/www.campingsaintgabriel.com\/nl\/wp-json\/wp\/v2\/pages\/1111"}],"collection":[{"href":"https:\/\/www.campingsaintgabriel.com\/nl\/wp-json\/wp\/v2\/pages"}],"about":[{"href":"https:\/\/www.campingsaintgabriel.com\/nl\/wp-json\/wp\/v2\/types\/page"}],"author":[{"embeddable":true,"href":"https:\/\/www.campingsaintgabriel.com\/nl\/wp-json\/wp\/v2\/users\/1"}],"replies":[{"embeddable":true,"href":"https:\/\/www.campingsaintgabriel.com\/nl\/wp-json\/wp\/v2\/comments?post=1111"}],"version-history":[{"count":6,"href":"https:\/\/www.campingsaintgabriel.com\/nl\/wp-json\/wp\/v2\/pages\/1111\/revisions"}],"predecessor-version":[{"id":1308,"href":"https:\/\/www.campingsaintgabriel.com\/nl\/wp-json\/wp\/v2\/pages\/1111\/revisions\/1308"}],"wp:attachment":[{"href":"https:\/\/www.campingsaintgabriel.com\/nl\/wp-json\/wp\/v2\/media?parent=1111"}],"curies":[{"name":"wp","href":"https:\/\/api.w.org\/{rel}","templated":true}]}}