{"id":1057,"date":"2025-09-21T10:19:20","date_gmt":"2025-09-21T08:19:20","guid":{"rendered":"https:\/\/www.campingsaintgabriel.com\/locaties\/"},"modified":"2023-03-21T16:02:38","modified_gmt":"2023-03-21T15:02:38","slug":"locaties","status":"publish","type":"page","link":"https:\/\/www.campingsaintgabriel.com\/nl\/locaties\/","title":{"rendered":"Locaties"},"content":{"rendered":"\n<section class=\"wp-container-69f31a3ed544d wp-block-group alignfull F-05-b loco-container-scroll\"><div class=\"wp-block-group__inner-container\">\n<figure class=\"wp-block-image size-full wp-embed-aspect-16-9 wp-has-aspect-ratio\"><img loading=\"lazy\" width=\"1900\" height=\"503\" src=\"https:\/\/www.campingsaintgabriel.com\/wp-content\/uploads\/2022\/12\/camping-car-bouche-du-rhone.jpg\" alt=\"\" class=\"wp-image-809\" srcset=\"https:\/\/www.campingsaintgabriel.com\/wp-content\/uploads\/2022\/12\/camping-car-bouche-du-rhone.jpg 1900w, https:\/\/www.campingsaintgabriel.com\/wp-content\/uploads\/2022\/12\/camping-car-bouche-du-rhone-300x79.jpg 300w, https:\/\/www.campingsaintgabriel.com\/wp-content\/uploads\/2022\/12\/camping-car-bouche-du-rhone-1024x271.jpg 1024w, https:\/\/www.campingsaintgabriel.com\/wp-content\/uploads\/2022\/12\/camping-car-bouche-du-rhone-768x203.jpg 768w, https:\/\/www.campingsaintgabriel.com\/wp-content\/uploads\/2022\/12\/camping-car-bouche-du-rhone-1536x407.jpg 1536w\" sizes=\"(max-width: 1900px) 100vw, 1900px\" \/><\/figure>\n\n\n\n<p class=\"texte-h\">Onze locaties<\/p>\n<\/div><\/section>\n\n\n\n<section class=\"wp-container-69f31a3ed5e08 wp-block-group alignfull F-60-a\"><div class=\"wp-block-group__inner-container\">\n<div class=\"wp-block-cover is-light\"><span aria-hidden=\"true\" class=\"has-blanc-background-color has-background-dim-0 wp-block-cover__gradient-background has-background-dim\"><\/span><img class=\"wp-block-cover__image-background wp-image-813\" alt=\"\" src=\"https:\/\/www.campingsaintgabriel.com\/wp-content\/uploads\/2022\/12\/00000815625.webp\" data-object-fit=\"cover\"\/><div class=\"wp-block-cover__inner-container\">\n<div class=\"wp-block-columns\">\n<div class=\"wp-block-column\">\n<h1 class=\"has-text-align-left texte-hn\" id=\"emplacements-camping-3-etoiles-a-aiguines\">Camping in Tarascon : Onze comfortabele plaatsen aan de voet van de Alpilles<\/h1>\n\n\n\n<div class=\"wp-block-columns\">\n<div class=\"wp-block-column\" style=\"flex-basis:0%\"><\/div>\n\n\n\n<div class=\"wp-block-column\" style=\"flex-basis:66.66%\">\n<p>Voor uw volgende <strong>campingverblijf in de Bouches-du-Rh\u00f4ne<\/strong> biedt Le Saint-Gabriel*** u zijn <strong>comfortabele kampeerplaatsen<\/strong> aan. Of u nu met uw <strong>tent, camper<\/strong> of caravan komt, u kunt genieten van de geneugten van <strong>traditioneel kamperen<\/strong> in een ideale omgeving aan de poort van het massief van de Alpilles en veel van de<strong> niet te missen dorpen van de Bouches-du-Rh\u00f4ne<\/strong>!<\/p>\n\n\n\n<div class=\"wp-block-columns pictos\">\n<div class=\"wp-block-column\"><i class=\"fal fa-campground\"><\/i>\n\n\n\n<p class=\"has-text-align-center\">Pakket voor 2 personen<\/p>\n<\/div>\n\n\n\n<div class=\"wp-block-column\"><i class=\"fal fa-lightbulb-on\"><\/i>\n\n\n\n<p class=\"has-text-align-center\">Elektrische aansluiting<\/p>\n<\/div>\n<\/div>\n\n\n\n<div class=\"wp-container-69f31a3ed5a2d wp-block-buttons\">\n<div class=\"wp-block-button btn_resa_empl\"><a class=\"wp-block-button__link\">Een standplaats reserveren<\/a><\/div>\n\n\n\n<div class=\"wp-block-button btn_scroll small\"><a class=\"wp-block-button__link\" href=\"#dispo_prix\">Wekelijkse tarieven<\/a><\/div>\n<\/div>\n<\/div>\n<\/div>\n<\/div>\n\n\n\n<div class=\"wp-block-column\">\n<figure class=\"wp-block-image size-large fade-left btn_resa_empl\"><img src=\"https:\/\/www.campingsaintgabriel.com\/wp-content\/uploads\/2023\/01\/2_JAC3525-1024x682.jpg\" alt=\"\" class=\"wp-image-1242\"\/><figcaption>Tenten, caravans, campers<br><strong>Ontdek onze locaties<\/strong><\/figcaption><\/figure>\n<\/div>\n<\/div>\n<\/div><\/div>\n<\/div><\/section>\n\n\n\n<section id=\"dispo_prix\" class=\"wp-container-69f31a3ed61ca wp-block-group\"><div class=\"wp-block-group__inner-container\"><ctv-availability data-product-type='pitch' data-background-color='#FFFFFFFF' ><\/ctv-availability>\n<\/div><\/section>\n\n\n\n<section class=\"wp-container-69f31a3ed6967 wp-block-group F-55-a\"><div class=\"wp-block-group__inner-container\">\n<h2 class=\"titre1 texte-hn\" id=\"profitez-de-notre-parc-aquatique-dans-le-var-a-sanary-sur-mer-1\">Geniet van comfortabele kampeerplaatsen<\/h2>\n\n\n\n<div class=\"wp-block-columns\">\n<div class=\"wp-block-column\" style=\"flex-basis:33.33%\"><\/div>\n\n\n\n<div class=\"wp-block-column\" style=\"flex-basis:66.66%\">\n<p>Op uw<strong> camping in Tarascon<\/strong> geniet u van<strong>grasvelden met bomen<\/strong>, gescheiden door heggen. Op een terrein van ongeveer 90 m\u00b2 kunt u comfortabel uw tent of recreatievoertuig opzetten.<br>Deze plaatsen omvatten toegang tot de sanitaire voorzieningen en tot de verschillende diensten en vrijetijdsvoorzieningen van de camping, zoals het zwembad, <a href=\"https:\/\/www.campingsaintgabriel.com\/nl\/activiteiten-vermaak\/\" data-type=\"URL\" data-id=\"https:\/\/www.campingsaintgabriel.com\/nl\/activiteiten-vermaak\/\">de animatie<\/a>, enz.<\/p>\n\n\n\n<p>Onder de <a href=\"https:\/\/www.campingsaintgabriel.com\/nl\/diensten\/\" data-type=\"URL\" data-id=\"https:\/\/www.campingsaintgabriel.com\/nl\/diensten\/\">diensten<\/a> van uw <strong>camping Bouches du Rhone<\/strong> die u het leven tijdens uw <strong>vakantie in de PACA-regio<\/strong> moeten vergemakkelijken, biedt Le Saint-Gabriel vriezers die bij de receptie beschikbaar zijn. Zo kun je bijvoorbeeld je drankjes koel houden! Bovendien vindt u op camping Saint-Gabriel ook collectieve barbecues om gezellige momenten te delen.<\/p>\n\n\n\n<p>Bovendien kunnen camperaars die op zoek zijn naar een <strong>serviceplaats<\/strong> in de Bouches-du-Rh\u00f4ne aan de voet van het <strong>massief van de Alpilles<\/strong> rekenen op de St Gabriel, onze <strong>camping in Tarascon <\/strong>bij <strong>Fontvieille <\/strong>en Les<strong> Baux de Provence<\/strong>.<\/p>\n\n\n\n<div class=\"wp-block-group lire-plus-pc\"><div class=\"wp-block-group__inner-container\">\n<p>Meer lezen<\/p>\n\n\n\n<div class=\"wp-container-69f31a3ed65f6 wp-block-group\"><div class=\"wp-block-group__inner-container\">\n<h2 id=\"sejournez-sur-un-emplacement-de-camping-pres-de-fontvielle\">Verblijf op een camping in de buurt van Fontvielle<\/h2>\n\n\n\n<p>Vanaf uw <strong>standplaats op camping<\/strong> Saint-Gabriel in Tarascon kunnen vakantiegangers op ontdekkingsreis gaan naar een groot aantal beroemde steden en dorpen in de Bouches du Rh\u00f4ne. Zij zullen namelijk keuze te over hebben bij hun bezoek aan de regio. Van de Carri\u00e8res de Lumi\u00e8res in de Baux-de-Provence, tot het park van de Alpilles, via Arles, zal uw <strong>verblijf in Tarascon<\/strong> op een camping in de Bouches du Rh\u00f4ne u in staat stellen vele facetten van de regio te ontdekken.<\/p>\n<\/div><\/div>\n<\/div><\/div>\n<\/div>\n<\/div>\n<\/div><\/section>\n","protected":false},"excerpt":{"rendered":"Onze locaties Geniet van comfortabele kampeerplaatsen Op uw camping in [&hellip;]","protected":false},"author":1,"featured_media":0,"parent":0,"menu_order":0,"comment_status":"closed","ping_status":"closed","template":"","meta":[],"acf":[],"_links":{"self":[{"href":"https:\/\/www.campingsaintgabriel.com\/nl\/wp-json\/wp\/v2\/pages\/1057"}],"collection":[{"href":"https:\/\/www.campingsaintgabriel.com\/nl\/wp-json\/wp\/v2\/pages"}],"about":[{"href":"https:\/\/www.campingsaintgabriel.com\/nl\/wp-json\/wp\/v2\/types\/page"}],"author":[{"embeddable":true,"href":"https:\/\/www.campingsaintgabriel.com\/nl\/wp-json\/wp\/v2\/users\/1"}],"replies":[{"embeddable":true,"href":"https:\/\/www.campingsaintgabriel.com\/nl\/wp-json\/wp\/v2\/comments?post=1057"}],"version-history":[{"count":6,"href":"https:\/\/www.campingsaintgabriel.com\/nl\/wp-json\/wp\/v2\/pages\/1057\/revisions"}],"predecessor-version":[{"id":1411,"href":"https:\/\/www.campingsaintgabriel.com\/nl\/wp-json\/wp\/v2\/pages\/1057\/revisions\/1411"}],"wp:attachment":[{"href":"https:\/\/www.campingsaintgabriel.com\/nl\/wp-json\/wp\/v2\/media?parent=1057"}],"curies":[{"name":"wp","href":"https:\/\/api.w.org\/{rel}","templated":true}]}}