{"id":1073,"date":"2025-09-22T09:49:35","date_gmt":"2025-09-22T07:49:35","guid":{"rendered":"https:\/\/www.campingsaintgabriel.com\/aquatic-area\/"},"modified":"2025-10-31T11:18:39","modified_gmt":"2025-10-31T10:18:39","slug":"aquatic-area","status":"publish","type":"page","link":"https:\/\/www.campingsaintgabriel.com\/en\/aquatic-area\/","title":{"rendered":"Aquatic area"},"content":{"rendered":"\n<section class=\"wp-container-69fa0d797dd13 wp-block-group alignfull F-05-b loco-container-scroll\"><div class=\"wp-block-group__inner-container\">\n<figure class=\"wp-block-image size-large wp-embed-aspect-16-9 wp-has-aspect-ratio\"><img loading=\"lazy\" width=\"1024\" height=\"389\" src=\"https:\/\/www.campingsaintgabriel.com\/wp-content\/uploads\/2025\/01\/IMG_6682-1-1024x389.webp\" alt=\"\" class=\"wp-image-3449\" srcset=\"https:\/\/www.campingsaintgabriel.com\/wp-content\/uploads\/2025\/01\/IMG_6682-1-1024x389.webp 1024w, https:\/\/www.campingsaintgabriel.com\/wp-content\/uploads\/2025\/01\/IMG_6682-1-300x114.webp 300w, https:\/\/www.campingsaintgabriel.com\/wp-content\/uploads\/2025\/01\/IMG_6682-1-768x292.webp 768w, https:\/\/www.campingsaintgabriel.com\/wp-content\/uploads\/2025\/01\/IMG_6682-1-1536x583.webp 1536w, https:\/\/www.campingsaintgabriel.com\/wp-content\/uploads\/2025\/01\/IMG_6682-1.webp 1920w\" sizes=\"(max-width: 1024px) 100vw, 1024px\" \/><\/figure>\n\n\n\n<p class=\"texte-h\">Aquatic Space<\/p>\n<\/div><\/section>\n\n\n\n<section class=\"wp-container-69fa0d797e660 wp-block-group F-35-a\"><div class=\"wp-block-group__inner-container\">\n<div class=\"wp-block-columns\">\n<div class=\"wp-block-column\">\n<h1 class=\"has-text-align-left has-x-large-font-size\" id=\"decouvrez-les-environs-de-votre-camping-dans-le-verdon\">Campsite with heated swimming pool at the foot of the Alpilles and the Camargue in Provence<\/h1>\n\n\n\n<p style=\"font-size:18px\">The aquatic area of \u200b\u200bour small campsite with <strong>swimming pool in the Alpille<\/strong>s is ideal for relaxing moments with family and friends. Our <strong>heated 16m x 7m swimming pool,<\/strong> open from the last weekend of April until September 30th, offers you a pleasant swim under the Proven\u00e7al sun, all day long, lulled by the song of the cicadas.<\/p>\n\n\n\n<p style=\"font-size:18px\">In addition to the main pool at<strong> our campsite<\/strong> <strong>with swimming pool in Provence<\/strong>, younger guests can have fun in<strong> the secure paddling pool<\/strong>. It offers a play area perfectly suited to their age, under the supervision of their parents. <strong>A bouncy castle<\/strong> adds even more fun for children.<\/p>\n\n\n\n<p style=\"font-size:18px\">For those who wish to stay active, a <strong>fitness area <\/strong>is available for you to exercise freely.<\/p>\n\n\n\n<p style=\"font-size:18px\">Parents can <strong>relax in peace<\/strong> and quiet, while enjoying the serenity of the place, and savor a moment of calm, feet in the water. Relax on our deckchairs, in the shade of the parasols or under the sun to the sound of cicadas and at room temperature throughout the summer season. And to prolong these moments of aquatic happiness, take advantage of the<strong> night swimming pool,<\/strong> for evening swims, under a starry sky. The swimming pool of our Saint Gabriel campsite welcomes you<strong> from 10 a.m. to 8 p.m.<\/strong><\/p>\n\n\n\n<p style=\"font-size:18px\">In an effort<strong> to respect the environment, our pool water is heated using solar panels, <\/strong>ensuring an ideal temperature throughout the season. <strong>The water temperature is ideal in summer,<\/strong> and heated to ensure the perfect temperature<strong> for cooler days during the off-season<\/strong>.<\/p>\n\n\n\n<p style=\"font-size:18px\">Our aquatic area will offer you an unforgettable experience with family or friends.<\/p>\n<\/div>\n\n\n\n<div class=\"wp-block-column\">\n<figure class=\"wp-block-image size-full\"><img loading=\"lazy\" width=\"500\" height=\"375\" src=\"https:\/\/www.campingsaintgabriel.com\/wp-content\/uploads\/2025\/03\/2019-07-04-Photoroom.webp\" alt=\"La piscine de notre camping dans les Bouches-du-Rh\u00f4ne\" class=\"wp-image-3559\" srcset=\"https:\/\/www.campingsaintgabriel.com\/wp-content\/uploads\/2025\/03\/2019-07-04-Photoroom.webp 500w, https:\/\/www.campingsaintgabriel.com\/wp-content\/uploads\/2025\/03\/2019-07-04-Photoroom-300x225.webp 300w\" sizes=\"(max-width: 500px) 100vw, 500px\" \/><\/figure>\n\n\n\n<figure class=\"wp-block-image size-full\"><img loading=\"lazy\" width=\"500\" height=\"281\" src=\"https:\/\/www.campingsaintgabriel.com\/wp-content\/uploads\/2025\/03\/DSC00053.webp\" alt=\"Piscine et bains de soleil au camping Saint-Gabriel en Provence\" class=\"wp-image-3563\" srcset=\"https:\/\/www.campingsaintgabriel.com\/wp-content\/uploads\/2025\/03\/DSC00053.webp 500w, https:\/\/www.campingsaintgabriel.com\/wp-content\/uploads\/2025\/03\/DSC00053-300x169.webp 300w\" sizes=\"(max-width: 500px) 100vw, 500px\" \/><\/figure>\n<\/div>\n<\/div>\n<\/div><\/section>\n\n\n\n<div class=\"wp-block-columns pictos\">\n<div class=\"wp-block-column\"><i class=\"fal fa-water-ladder\"><\/i>\n\n\n\n<p class=\"has-text-align-left has-medium-font-size\">Heated swimming pool<\/p>\n<\/div>\n\n\n\n<div class=\"wp-block-column\"><i class=\"fal fa-child\"><\/i>\n\n\n\n<p class=\"has-text-align-left has-medium-font-size\">Paddling pool<\/p>\n<\/div>\n\n\n\n<div class=\"wp-block-column\"><i class=\"fal fa-sun\"><\/i>\n\n\n\n<p class=\"has-text-align-left has-medium-font-size\">Sunbathing<\/p>\n<\/div>\n<\/div>\n\n\n\n<h2 class=\"has-text-align-left texte-hn\" id=\"decouvrez-les-gorges-du-verdon\">Why choose our campsite with swimming pool and restaurant in Tarascon in Bouches-du-Rh\u00f4ne<\/h2>\n\n\n\n<div class=\"wp-block-columns alignwide are-vertically-aligned-top\">\n<div class=\"wp-block-column is-vertically-aligned-top\" style=\"flex-basis:50%\">\n<section class=\"wp-container-69fa0d797fd76 wp-block-group\"><div class=\"wp-block-group__inner-container\">\n<div class=\"wp-block-columns\">\n<div class=\"wp-block-column\">\n<figure class=\"wp-block-image size-full\"><img loading=\"lazy\" width=\"300\" height=\"225\" src=\"https:\/\/www.campingsaintgabriel.com\/wp-content\/uploads\/2025\/03\/IMG_6682-1.webp\" alt=\"Bassin de l'espace aquatique de notre camping\" class=\"wp-image-3568\"\/><\/figure>\n<\/div>\n\n\n\n<div class=\"wp-block-column\">\n<figure class=\"wp-block-image size-full\"><img loading=\"lazy\" width=\"300\" height=\"401\" src=\"https:\/\/www.campingsaintgabriel.com\/wp-content\/uploads\/2025\/03\/20180421_152413.webp\" alt=\"Parasol \u00e0 c\u00f4te de notre piscine au camping pr\u00e8s de la Camargue\" class=\"wp-image-3574\" srcset=\"https:\/\/www.campingsaintgabriel.com\/wp-content\/uploads\/2025\/03\/20180421_152413.webp 300w, https:\/\/www.campingsaintgabriel.com\/wp-content\/uploads\/2025\/03\/20180421_152413-224x300.webp 224w\" sizes=\"(max-width: 300px) 100vw, 300px\" \/><\/figure>\n<\/div>\n<\/div>\n\n\n\n<div class=\"wp-container-69fa0d797f193 wp-block-buttons\">\n<div class=\"wp-block-button\"><a class=\"wp-block-button__link\" href=\"https:\/\/www.campingsaintgabriel.com\/en\/photo-gallery\/\">See the photo gallery<\/a><\/div>\n<\/div>\n<\/div><\/section>\n<\/div>\n\n\n\n<div class=\"wp-block-column is-vertically-aligned-top F-35-a\" style=\"flex-basis:50%\">\n<p style=\"font-size:18px\"><strong>Our campsite with swimming pool in the Alpilles,<\/strong> the Saint Gabriel, welcomes you in a unique and charming setting in a former coaching inn dating from the 16th century. Ideally located at the foot of the Alpilles and the Camargue, it offers you<strong> an idyllic, calm and green<\/strong> setting and offers a wide choice <a href=\"https:\/\/www.campingsaintgabriel.com\/en\/activities-animations\/\" data-type=\"URL\" data-id=\"https:\/\/www.campingsaintgabriel.com\/en\/activities-animations\/\">animations<\/a> and outdoor activities: hiking, cycling, horse riding, and even water activities on the Rh\u00f4ne.<\/p>\n\n\n\n<div class=\"wp-block-group lire-plus-pc\"><div class=\"wp-block-group__inner-container\">\n<p style=\"font-size:18px\">More information<\/p>\n\n\n\n<div class=\"wp-container-69fa0d7980499 wp-block-group\"><div class=\"wp-block-group__inner-container\">\n<p style=\"font-size:18px\">You will be close to many attractions in <strong>the Provence Alpes C\u00f4te d\u2019Azur region. <\/strong>Discover the Lub\u00e9ron and the Alpilles mountains and their breathtaking landscapes. Stroll through typical markets, attend renowned events such as the <a rel=\"noreferrer noopener\" href=\"https:\/\/festival-avignon.com\/\" data-type=\"URL\" data-id=\"https:\/\/festival-avignon.com\/\" target=\"_blank\">Festival d\u2019Avignon<\/a> or <strong>the Rencontres de la Photographie d\u2019Arles,<\/strong> and set off to discover the villages <strong>and emblematic sites.<\/strong> Among these, the <a href=\"https:\/\/www.campingsaintgabriel.com\/en\/surroundings\/\" data-type=\"page\" data-id=\"1031\">hilltop village of Les Baux de Provence<\/a>, the <a href=\"https:\/\/www.campingsaintgabriel.com\/alentours\/camping-st-remy-de-provence\/\">village proven\u00e7al de St Remy de Provence<\/a>. Also discover Fontvieille, Arles, N\u00eemes and Avignon.<\/p>\n\n\n\n<p style=\"font-size:18px\">Lovers of fine dining will be delighted by the restaurant at our campsite in Bouches-du-Rh\u00f4ne with a swimming pool. Each dish is <strong>carefully prepared by our chef, <\/strong>showcasing <strong>quality local produce.<\/strong><\/p>\n\n\n\n<p style=\"font-size:18px\">Our campsite adopts an ecological approach to preserve the environment, without compromising the quality of your vacation.<\/p>\n\n\n\n<p style=\"font-size:18px\">And because your four-legged friends are part of the family, <strong>dogs and cats are welcome <\/strong>at the campsite!<\/p>\n\n\n\n<p style=\"font-size:18px\">Don&#8217;t wait any longer to book your mobile home (1, 2 or 3 bedrooms) or your <a href=\"https:\/\/www.campingsaintgabriel.com\/en\/locations\/\" data-type=\"URL\" data-id=\"https:\/\/www.campingsaintgabriel.com\/en\/locations\/\">pitch for tent, caravan or camper van<\/a>. Treat yourself to an unforgettable stay at <strong>the foot of the Alpilles <\/strong>and at the gateway to <strong>the Camargue.<\/strong><\/p>\n<\/div><\/div>\n<\/div><\/div>\n<\/div>\n<\/div>\n\n\n\n<h2 id=\"stay-at-our-campsite-with-swimming-pool-in-the-alpilles\" style=\"font-size:32px\">Stay at our campsite with swimming pool in the Alpilles<\/h2>\n\n\n\n<p style=\"font-size:18px\">Ou <a href=\"https:\/\/www.campingsaintgabriel.com\/en\/services\/\" data-type=\"URL\" data-id=\"https:\/\/www.campingsaintgabriel.com\/en\/services\/\">3-star campsite in Bouches-du-Rh\u00f4ne<\/a>&nbsp;welcomes you to the heart of the magnificent&nbsp;<a href=\"https:\/\/www.campingsaintgabriel.com\/en\/alentours\/camping-in-the-alpilles\/\" data-type=\"alentours\" data-id=\"1226\">Parc Naturel R\u00e9gional des Alpilles<\/a>. If you are looking for a campsite in a preserved natural setting for your next stay, our establishment is the ideal place for you.<\/p>\n\n\n\n<p style=\"font-size:18px\">In addition, our campsite offers quality accommodation in a peaceful location. So, our&nbsp;<a href=\"https:\/\/www.campingsaintgabriel.com\/en\/rentals\/\" data-type=\"URL\" data-id=\"https:\/\/www.campingsaintgabriel.com\/en\/rentals\/\">mobile homes in Bouches-du-Rh\u00f4ne<\/a> and our locations offer you peace and quiet for your vacation.<\/p>\n\n\n\n<p style=\"font-size:18px\">Book your stay now at <strong>our campsite with swimming pool in the Alpilles,<\/strong> Saint-Gabriel and let yourself be charmed by the unspoiled nature, the magnificent setting, and the many leisure activities nearby. <strong>Come and experience a unique vacation in the heart of Provence.<\/strong><\/p>\n\n\n\n<div class=\"wp-container-69fa0d7980c63 wp-block-buttons\">\n<div class=\"wp-block-button\"><a class=\"wp-block-button__link\" href=\"https:\/\/www.campingsaintgabriel.com\/en\/services\/\">Discover the services<\/a><\/div>\n<\/div>\n","protected":false},"excerpt":{"rendered":"Aquatic Space Campsite with heated swimming pool at the foot [&hellip;]","protected":false},"author":1,"featured_media":0,"parent":0,"menu_order":0,"comment_status":"closed","ping_status":"closed","template":"","meta":[],"acf":[],"_links":{"self":[{"href":"https:\/\/www.campingsaintgabriel.com\/en\/wp-json\/wp\/v2\/pages\/1073"}],"collection":[{"href":"https:\/\/www.campingsaintgabriel.com\/en\/wp-json\/wp\/v2\/pages"}],"about":[{"href":"https:\/\/www.campingsaintgabriel.com\/en\/wp-json\/wp\/v2\/types\/page"}],"author":[{"embeddable":true,"href":"https:\/\/www.campingsaintgabriel.com\/en\/wp-json\/wp\/v2\/users\/1"}],"replies":[{"embeddable":true,"href":"https:\/\/www.campingsaintgabriel.com\/en\/wp-json\/wp\/v2\/comments?post=1073"}],"version-history":[{"count":7,"href":"https:\/\/www.campingsaintgabriel.com\/en\/wp-json\/wp\/v2\/pages\/1073\/revisions"}],"predecessor-version":[{"id":4170,"href":"https:\/\/www.campingsaintgabriel.com\/en\/wp-json\/wp\/v2\/pages\/1073\/revisions\/4170"}],"wp:attachment":[{"href":"https:\/\/www.campingsaintgabriel.com\/en\/wp-json\/wp\/v2\/media?parent=1073"}],"curies":[{"name":"wp","href":"https:\/\/api.w.org\/{rel}","templated":true}]}}