{"id":4129,"date":"2025-05-16T11:10:29","date_gmt":"2025-05-16T09:10:29","guid":{"rendered":"https:\/\/www.campingsaintgabriel.com\/unsere-partner\/"},"modified":"2025-09-26T17:41:17","modified_gmt":"2025-09-26T15:41:17","slug":"unsere-partner","status":"publish","type":"page","link":"https:\/\/www.campingsaintgabriel.com\/de\/unsere-partner\/","title":{"rendered":"Unsere Partner"},"content":{"rendered":"\n<section class=\"wp-container-69f0949551d36 wp-block-group alignfull F-05-a loco-container-scroll\"><div class=\"wp-block-group__inner-container\">\n<figure class=\"wp-block-gallery has-nested-images columns-default is-cropped\">\n<figure class=\"wp-block-image size-large\"><img loading=\"lazy\" width=\"1024\" height=\"389\" src=\"https:\/\/www.campingsaintgabriel.com\/wp-content\/uploads\/2025\/01\/IMG_6682-1-1024x389.webp\" alt=\"Camping Saint Gabriel : Img 6682 1\" class=\"wp-image-3447\" srcset=\"https:\/\/www.campingsaintgabriel.com\/wp-content\/uploads\/2025\/01\/IMG_6682-1-1024x389.webp 1024w, https:\/\/www.campingsaintgabriel.com\/wp-content\/uploads\/2025\/01\/IMG_6682-1-300x114.webp 300w, https:\/\/www.campingsaintgabriel.com\/wp-content\/uploads\/2025\/01\/IMG_6682-1-768x292.webp 768w, https:\/\/www.campingsaintgabriel.com\/wp-content\/uploads\/2025\/01\/IMG_6682-1-1536x583.webp 1536w, https:\/\/www.campingsaintgabriel.com\/wp-content\/uploads\/2025\/01\/IMG_6682-1.webp 1920w\" sizes=\"(max-width: 1024px) 100vw, 1024px\" \/><\/figure>\n<\/figure>\n\n\n<ctv-searchbar><\/ctv-searchbar>\n\n\n\n<p class=\"texte-h\">Unsere Partner<\/p>\n<\/div><\/section>\n\n<h1 id=\"les-partenaires-du-camping-la-bel-balagne\">Die Partner des Campingplatzes Saint-Gabriel<\/h1>\n\n<p>F\u00fcr Ihren <a href=\"https:\/\/www.campingsaintgabriel.com\/de\/\" data-type=\"page\" data-id=\"5\">Urlaub in den Alpilles<\/a> k\u00f6nnen Sie dank unserer Partner leichter Ihren Aufenthaltsort finden:<\/p>\n\n<ul><li><a href=\"https:\/\/www.annuaire-du-tourisme.fr\/gites-et-chambres-d-hotes\/\"><\/a><a rel=\"noreferrer noopener\" href=\"https:\/\/www.annuaire-du-tourisme.fr\/camping-et-village-vacances\/\" target=\"_blank\">Tourismusverzeichnis \u2013 Campingpl\u00e4tze und Feriend\u00f6rfer<\/a><\/li><li><a rel=\"noreferrer noopener\" href=\"https:\/\/www.proxicamping.fr\/\" target=\"_blank\">Proxicamping \u2013 Verzeichnis der besten Campingpl\u00e4tze<\/a><\/li><li><a href=\"https:\/\/www.koala-annuaireweb.com\/tourisme\/campings\/\">Koala Surfer \u2013 Annuaire r\u00e9f\u00e9rencement gratuit \u2013 Campings<\/a><\/li><li><a href=\"http:\/\/annuaire-location.com\/\">Annuaire de la location<\/a><\/li><li><a href=\"https:\/\/www.caramba-annuaireweb.com\/tourisme\/camping\/\">Caramba Annuaire Web &#8211; Camping<\/a><\/li><\/ul>\n\n<p>Von unserem Campingplatz Saint-Gabriel aus k\u00f6nnen Sie au\u00dferdem zahlreiche Aktivit\u00e4ten in der N\u00e4he genie\u00dfen.<\/p>\n","protected":false},"excerpt":{"rendered":"Unsere Partner Die Partner des Campingplatzes Saint-Gabriel F\u00fcr Ihren Urlaub [&hellip;]","protected":false},"author":1,"featured_media":0,"parent":0,"menu_order":0,"comment_status":"closed","ping_status":"closed","template":"","meta":[],"acf":[],"_links":{"self":[{"href":"https:\/\/www.campingsaintgabriel.com\/de\/wp-json\/wp\/v2\/pages\/4129"}],"collection":[{"href":"https:\/\/www.campingsaintgabriel.com\/de\/wp-json\/wp\/v2\/pages"}],"about":[{"href":"https:\/\/www.campingsaintgabriel.com\/de\/wp-json\/wp\/v2\/types\/page"}],"author":[{"embeddable":true,"href":"https:\/\/www.campingsaintgabriel.com\/de\/wp-json\/wp\/v2\/users\/1"}],"replies":[{"embeddable":true,"href":"https:\/\/www.campingsaintgabriel.com\/de\/wp-json\/wp\/v2\/comments?post=4129"}],"version-history":[{"count":1,"href":"https:\/\/www.campingsaintgabriel.com\/de\/wp-json\/wp\/v2\/pages\/4129\/revisions"}],"predecessor-version":[{"id":4130,"href":"https:\/\/www.campingsaintgabriel.com\/de\/wp-json\/wp\/v2\/pages\/4129\/revisions\/4130"}],"wp:attachment":[{"href":"https:\/\/www.campingsaintgabriel.com\/de\/wp-json\/wp\/v2\/media?parent=4129"}],"curies":[{"name":"wp","href":"https:\/\/api.w.org\/{rel}","templated":true}]}}