{"id":1119,"date":"2025-09-26T11:14:08","date_gmt":"2025-09-26T09:14:08","guid":{"rendered":"https:\/\/www.campingsaintgabriel.com\/rechtliche-hinweise\/"},"modified":"2023-01-16T11:19:11","modified_gmt":"2023-01-16T10:19:11","slug":"rechtliche-hinweise","status":"publish","type":"page","link":"https:\/\/www.campingsaintgabriel.com\/de\/rechtliche-hinweise\/","title":{"rendered":"Rechtliche Hinweise"},"content":{"rendered":"\n<section class=\"wp-container-69ee23865e2cc wp-block-group alignfull F-05-a loco-container-scroll\"><div class=\"wp-block-group__inner-container\">\n<figure class=\"wp-block-image size-full wp-embed-aspect-16-9 wp-has-aspect-ratio\"><img src=\"https:\/\/www.campingsaintgabriel.com\/wp-content\/uploads\/2022\/12\/camping-bouche-du-rhone.jpg\" alt=\"\" class=\"wp-image-700\"\/><\/figure>\n\n<ctv-searchbar><\/ctv-searchbar>\n\n\n\n<p class=\"texte-h\">Campingplatz Saint Gabriel<\/p>\n<\/div><\/section>\n\n<h1 class=\"has-text-align-center\" id=\"mentions-legales\">Rechtliche Hinweise<\/h1>\n\n<div class=\"wp-block-columns\">\n<div class=\"wp-block-column\">\n<p class=\"h2 has-sous-titre-font-size\"><strong><span itemprop=\"name\">Saint Gabriel<\/span><\/strong><br\/><span class=\"wrp_denomination\"><span>SARL SAINT GABRIEL<\/span><\/span><\/p>\n\n\n\n<p><strong>Adresse<\/strong>:  <span class=\"wrp_adresse\"><span itemprop=\"address\">Route de Fontvieille 13150 TARASCON<\/span><\/span> <span class=\"wrp_adresse2\"><span itemprop=\"address2\"><\/span><\/span><br\/><strong>Tel:<\/strong> <a itemprop=\"telephone\" href=\"tel:+33490911983\">04 90 91 19 83<\/a><br\/><strong>Mail:<\/strong> <a itemprop=\"email\" href=\"mailto:contact@campingsaintgabriel.com\">contact@campingsaintgabriel.com<\/a><br\/><strong>SIRET:<\/strong> <span class=\"wrp_siret\"><span>909 244 253 00011<\/span><\/span><br\/><strong>RCS:<\/strong> <span class=\"wrp_rcs\"><span>909 244 253 R.C.S. Tarascon<\/span><\/span><br\/><strong>MWST. :<\/strong> <span class=\"wrp_tva\"><span>FR3990924 4253<\/span><\/span><br\/><strong>Kapital :<\/strong> <span class=\"wrp_capital\"><span>128,58 Euros<\/span><\/span><\/p>\n\n\n\n<p>Die Website <a href=\"https:\/\/www.campingsaintgabriel.com\/de\/\" itemprop=\"url\">campingsaintgabriel.com\/de\/<\/a> wird von der Firma <strong>Niwanet<\/strong> gehostet.<\/p>\n\n\n\n<p><strong>FRANCECOM, Web Agency<br\/> 2<\/strong>, Boulevard Jean Moulin 44100 NANTES<br\/><strong>Tel<\/strong>: 02 51 80 88 88<br\/><strong>Fax<\/strong>: 02 51 80 88 87<br\/><strong>Web<\/strong>: <a rel=\"noreferrer noopener\" href=\"http:\/\/www.francecom.com\/\" target=\"_blank\">www.francecom.fr<\/a><br\/>Handelsregister: Nantes B 410 557 151<br\/>SIRET: 41055715100033<\/p>\n\n\n\n<p>Der Besuch der Website <a href=\"https:\/\/www.campingsaintgabriel.com\/de\/\" itemprop=\"url\">campingsaintgabriel.com\/de\/<\/a> unterliegt der vollst\u00e4ndigen Annahme und Einhaltung der folgenden Nutzungsbedingungen durch die Internetnutzer.<\/p>\n\n\n\n<p>Der Internetnutzer verpflichtet sich bereits jetzt, die auf der Website enthaltenen Informationen zu seinem pers\u00f6nlichen und nicht-kommerziellen Gebrauch zu machen. Im Falle der Nichteinhaltung der Bestimmungen dieser Charta durch den Internetnutzer kann dieser zivil- und\/oder strafrechtlich haftbar gemacht werden.<\/p>\n\n\n\n<p class=\"h2 has-sous-titre-font-size\"><strong><strong><strong>Inhalt der Seite<\/strong><\/strong><\/strong><\/p>\n\n\n\n<p>Die Seite wird betrieben von der Firma <strong>\n  <strong>\n    <span itemprop=\"name\">Saint Gabriel<\/span>\n  <\/strong>\n<\/strong>.<\/p>\n\n\n\n<p>Die Seite stellt die Aktivit\u00e4ten des Unternehmens vor <strong>\n  <strong>\n    <span itemprop=\"name\">Saint Gabriel<\/span>\n  <\/strong>\n<\/strong>.<\/p>\n\n\n\n<p class=\"h2 has-sous-titre-font-size\"><strong><strong><strong>Geistiges Eigentum<\/strong><\/strong><\/strong><\/p>\n\n\n\n<p>Die Website <a href=\"https:\/\/www.campingsaintgabriel.com\/de\/\" itemprop=\"url\">campingsaintgabriel.com\/de\/<\/a> stellt ein Werk dar, dessen Urheber <strong>Francecom<\/strong> im Sinne der Artikel L111.1 ff. des Gesetzes \u00fcber geistiges Eigentum ist.<\/p>\n\n\n\n<p>Im Allgemeinen sind die Daten, Programme, Musikproben, Texte, Informationen, Logos, visuellen Identit\u00e4ten, animierten oder nicht animierten Bilder und ihre Formatierungen, die auf der Seite <a href=\"https:\/\/www.campingsaintgabriel.com\/de\/\" itemprop=\"url\">campingsaintgabriel.com\/de\/<\/a> erscheinen, Eigentum von <strong>Francecom<\/strong> (mit Ausnahme der Fotos, die der Gesellschaft geh\u00f6ren).  <strong><strong><strong><span itemprop=\"name\">Saint Gabriel<\/span><\/strong><\/strong><\/strong>  und Texte, die von der Gesellschaft verfasst wurden  <strong><strong><strong><span itemprop=\"name\">Saint Gabriel<\/span><\/strong><\/strong><\/strong>) und sind in dieser Hinsicht durch die Bestimmungen des Gesetzes \u00fcber geistiges Eigentum (Code de la propri\u00e9t\u00e9 intellectuelle) gesch\u00fctzt.<\/p>\n\n\n\n<p>Jeder Internetnutzer verpflichtet sich, diese Inhalte nicht zu nutzen und niemandem zu erlauben, diese Inhalte f\u00fcr illegale Zwecke zu nutzen.<\/p>\n\n\n\n<p>Jede vollst\u00e4ndige oder teilweise, dauerhafte oder vor\u00fcbergehende Darstellung oder Vervielf\u00e4ltigung eines der Elemente der Website auf einem Datentr\u00e4ger und\/oder Papier und durch ein beliebiges Verfahren (insbesondere durch Framing*).  <a href=\"https:\/\/www.campingsaintgabriel.com\/de\/\" itemprop=\"url\">campingsaintgabriel.com\/de\/<\/a>  oder der zum Verkauf angebotenen Dienstleistungen ohne die vorherige und ausdr\u00fcckliche Zustimmung von <strong>Francecom<\/strong> ist verboten und stellt eine F\u00e4lschung dar, die zivil- und\/oder strafrechtliche Verurteilungen nach sich ziehen kann. Nur der Ausdruck auf Papier ist zum Zweck einer Privatkopie f\u00fcr die ausschlie\u00dfliche Nutzung durch den Kopisten im Sinne von Artikel L122-5 2\u00b0 des Gesetzes \u00fcber geistiges Eigentum erlaubt.<\/p>\n\n\n\n<p>Ohne die vorherige und ausdr\u00fcckliche Zustimmung von <strong>Francecom<\/strong> darf kein Hyperlink zur Website <a href=\"https:\/\/www.campingsaintgabriel.com\/de\/\" itemprop=\"url\">campingsaintgabriel.com\/de\/<\/a> eingerichtet werden.<\/p>\n\n\n\n<p>*Die Handlung, den Inhalt von Seiten einer Website zu \u00fcbernehmen, um ihn \u00fcber einen Hyperlink auf die eigene Website zu \u00fcbertragen, wobei der Inhalt als der eigene erscheint.<\/p>\n\n\n\n<p class=\"h2 has-sous-titre-font-size\"><strong><strong><strong>Bildnachweise<\/strong><\/strong><\/strong><\/p>\n\n\n\n<p>Fotos nicht vertraglich bindend.<\/p>\n<\/div>\n\n\n\n<div class=\"wp-block-column\">\n<p class=\"h2 has-sous-titre-font-size\"><strong><strong>Verantwortung<\/strong><\/strong><\/p>\n\n\n\n<p>Das Unternehmen<strong> <strong><span itemprop=\"name\">Saint Gabriel<\/span><\/strong><\/strong> \u00fcbernimmt keine Verantwortung f\u00fcr eventuelle Funktionsst\u00f6rungen, die auf der Website <a href=\"https:\/\/www.campingsaintgabriel.com\/de\/\" itemprop=\"url\">campingsaintgabriel.com\/de\/<\/a> auftreten und zu einem Datenverlust oder einer Nichtverf\u00fcgbarkeit des Zugangs zu den auf der Website erstellten Informationen f\u00fchren k\u00f6nnen.<\/p>\n\n\n\n<p>Die auf der Website <a href=\"https:\/\/www.campingsaintgabriel.com\/de\/\" itemprop=\"url\">campingsaintgabriel.com\/de\/<\/a> dargestellten Elemente k\u00f6nnen ohne Vorank\u00fcndigung ge\u00e4ndert werden und werden den Internetnutzern ohne jegliche ausdr\u00fcckliche oder stillschweigende Garantie jeglicher Art zur Verf\u00fcgung gestellt.<\/p>\n\n\n\n<p>Die Pr\u00e4senz von Hypertext-Links auf der Website <a href=\"https:\/\/www.campingsaintgabriel.com\/de\/\" itemprop=\"url\">campingsaintgabriel.com\/de\/<\/a> &#8211; unabh\u00e4ngig davon, ob das Unternehmen zuvor seine Zustimmung erteilt hat oder nicht &#8211; stellt eine Verletzung der Urheberrechte dar. <strong>\n  <strong>\n    <strong>\n      <span itemprop=\"name\">Saint Gabriel<\/span>\n    <\/strong>\n  <\/strong>\n<\/strong> &#8211; begr\u00fcndet keine Solidarit\u00e4t zwischen diesem und den Eigent\u00fcmern der anderen Websites in Bezug auf den Inhalt der Websites, auf die der Internetnutzer weitergeleitet wird.<\/p>\n\n\n\n<p>Die Gesellschaft  <strong><strong><strong><span itemprop=\"name\">Saint Gabriel<\/span><\/strong><\/strong><\/strong>  kann nicht f\u00fcr die Vollst\u00e4ndigkeit und Richtigkeit der Informationen auf der Website <a href=\"https:\/\/www.campingsaintgabriel.com\/de\/\" itemprop=\"url\">campingsaintgabriel.com\/de\/<\/a> garantieren. Ebenso kann er nicht garantieren, dass keine Ver\u00e4nderungen durch Dritte (Eindringen, Viren) vorgenommen werden.<\/p>\n\n\n\n<p>Dar\u00fcber hinaus ist der Internetnutzer allein verantwortlich f\u00fcr die Nutzung des Inhalts der Website <a href=\"https:\/\/www.campingsaintgabriel.com\/de\/\" itemprop=\"url\">campingsaintgabriel.com\/de\/<\/a>. Au\u00dfer bei ausschlie\u00dflich schwerer Schuld der Gesellschaft  <strong><strong><strong><span itemprop=\"name\">Saint Gabriel<\/span><\/strong><\/strong><\/strong>F\u00fcr direkte oder indirekte Sch\u00e4den, die durch die Nutzung der Informationen auf der Website <a href=\"https:\/\/www.campingsaintgabriel.com\/de\/\" itemprop=\"url\">campingsaintgabriel.com\/de\/<\/a> entstehen, wird keine Haftung \u00fcbernommen.<\/p>\n\n\n\n<p class=\"h2 has-sous-titre-font-size\"><strong><strong>Anwendbares Recht und Gerichtsstand<\/strong><\/strong><\/p>\n\n\n\n<p>Die Gesamtheit der auf der Website <a href=\"https:\/\/www.campingsaintgabriel.com\/de\/\" itemprop=\"url\">campingsaintgabriel.com\/de\/<\/a> verbreiteten Informationen und die Nutzung dieser Informationen unterliegen ausschlie\u00dflich dem franz\u00f6sischen Recht. Nur die Gerichte im Zust\u00e4ndigkeitsbereich des<strong> Berufungsgerichts <span class=\"wrp_cours_appel\"><span>d'Aix-en-Provence<\/span><\/span>:<\/strong> sind f\u00fcr eventuelle Streitigkeiten im Zusammenhang mit der Nutzung der Website <a href=\"https:\/\/www.campingsaintgabriel.com\/de\/\" itemprop=\"url\">campingsaintgabriel.com\/de\/<\/a> zust\u00e4ndig.<br\/><\/p>\n\n\n\n<p><strong>CM2C<\/strong><br\/>14 rue Saint Jean<br\/>75017 Paris<br\/><a href=\"https:\/\/www.cm2c.net\/\" target=\"_blank\" rel=\"noreferrer noopener\">https:\/\/cm2c.net<\/a><br\/><a href=\"mailto:cm2c@cm2c.net\">cm2c@cm2c.net<\/a><\/p>\n\n\n\n<p class=\"h2 has-sous-titre-font-size\"><strong>Allgemeine Gesch\u00e4ftsbedingungen<\/strong><\/p>\n\n\n\n<p>Auf der Website <a href=\"https:\/\/www.campingsaintgabriel.com\/de\/\" itemprop=\"url\">campingsaintgabriel.com\/de\/<\/a> k\u00f6nnen keine K\u00e4ufe get\u00e4tigt werden. Die Allgemeinen Gesch\u00e4ftsbedingungen sind in der Rubrik Dokumente zum Herunterladen verf\u00fcgbar oder k\u00f6nnen unter folgender Adresse angefordert werden  <strong><strong><a itemprop=\"email\" href=\"mailto:contact@campingsaintgabriel.com\">contact@campingsaintgabriel.com<\/a><\/strong><\/strong><\/p>\n\n\n\n<p class=\"h2 has-sous-titre-font-size\"><strong>Informationen zu Cookies auf unserer Seite<\/strong><\/p>\n\n\n\n<p>Detaillierte Informationen zu Cookies und wie sie auf der Website verwaltet werden, finden Sie hier: <a href=\"https:\/\/www.campingsaintgabriel.com\/de\/cookie-richtlinie-eu\/\" data-type=\"page\" data-id=\"126\">Cookie-Richtlinie (EU)<\/a><\/p>\n\n\n\n<p>Weitere Informationen \u00fcber die Verwendung von Cookies finden Sie auf der Website der CNIL : <strong>\n  <a href=\"https:\/\/www.cnil.fr\/fr\/cookies-et-autres-traceurs\/comment-se-proteger\/maitriser-votre-navigateur\" target=\"_blank\" rel=\"noreferrer noopener\">www.cnil.fr\/vos-droits\/vos-traces\/les-cookies\/<\/a>\n<\/strong><\/p>\n\n\n\n<p><strong>Informationen zur Datenschutzpolitik und zum Umgang mit personenbezogenen Daten :<\/strong><\/p>\n\n\n\n<p>Ausf\u00fchrliche Informationen zur <a href=\"https:\/\/www.campingsaintgabriel.com\/de\/datenschutz-und-persoenliche-daten\/\" data-type=\"page\" data-id=\"96\">Datenschutzpolitik und zum Umgang mit pers\u00f6nlichen Daten<\/a><\/p>\n<\/div>\n<\/div>\n","protected":false},"excerpt":{"rendered":"Campingplatz Saint Gabriel Rechtliche Hinweise Adresse: Tel: Mail: SIRET: RCS: [&hellip;]","protected":false},"author":1,"featured_media":0,"parent":0,"menu_order":0,"comment_status":"closed","ping_status":"closed","template":"","meta":[],"acf":[],"_links":{"self":[{"href":"https:\/\/www.campingsaintgabriel.com\/de\/wp-json\/wp\/v2\/pages\/1119"}],"collection":[{"href":"https:\/\/www.campingsaintgabriel.com\/de\/wp-json\/wp\/v2\/pages"}],"about":[{"href":"https:\/\/www.campingsaintgabriel.com\/de\/wp-json\/wp\/v2\/types\/page"}],"author":[{"embeddable":true,"href":"https:\/\/www.campingsaintgabriel.com\/de\/wp-json\/wp\/v2\/users\/1"}],"replies":[{"embeddable":true,"href":"https:\/\/www.campingsaintgabriel.com\/de\/wp-json\/wp\/v2\/comments?post=1119"}],"version-history":[{"count":6,"href":"https:\/\/www.campingsaintgabriel.com\/de\/wp-json\/wp\/v2\/pages\/1119\/revisions"}],"predecessor-version":[{"id":1316,"href":"https:\/\/www.campingsaintgabriel.com\/de\/wp-json\/wp\/v2\/pages\/1119\/revisions\/1316"}],"wp:attachment":[{"href":"https:\/\/www.campingsaintgabriel.com\/de\/wp-json\/wp\/v2\/media?parent=1119"}],"curies":[{"name":"wp","href":"https:\/\/api.w.org\/{rel}","templated":true}]}}