{"id":1103,"date":"2022-12-21T10:19:57","date_gmt":"2022-12-21T09:19:57","guid":{"rendered":"https:\/\/www.campingsaintgabriel.com\/dienste\/"},"modified":"2023-03-21T16:55:46","modified_gmt":"2023-03-21T15:55:46","slug":"dienste","status":"publish","type":"page","link":"https:\/\/www.campingsaintgabriel.com\/de\/dienste\/","title":{"rendered":"Dienste"},"content":{"rendered":"\n<section class=\"wp-container-69e7eb7935c69 wp-block-group alignfull F-05-b loco-container-scroll\"><div class=\"wp-block-group__inner-container\">\n<figure class=\"wp-block-image size-full wp-embed-aspect-16-9 wp-has-aspect-ratio\"><img src=\"https:\/\/www.campingsaintgabriel.com\/wp-content\/uploads\/2022\/12\/camping-bouches-du-rhone-3-etoiles.jpg\" alt=\"\" class=\"wp-image-835\"\/><\/figure>\n\n\n<p class=\"texte-h\">Dienstleistungen des Campingplatzes<\/p>\n<\/div><\/section>\n\n<section class=\"wp-container-69e7eb7936293 wp-block-group alignfull F-60-a\"><div class=\"wp-block-group__inner-container\">\n<div class=\"wp-block-cover\"><span aria-hidden=\"true\" class=\"has-blanc-background-color has-background-dim-0 wp-block-cover__gradient-background has-background-dim\"><\/span><img class=\"wp-block-cover__image-background wp-image-1229\" alt=\"\" src=\"https:\/\/www.campingsaintgabriel.com\/wp-content\/uploads\/2023\/01\/1652443455110.jpg\" data-object-fit=\"cover\"\/><div class=\"wp-block-cover__inner-container\">\n<div class=\"wp-block-columns\">\n<div class=\"wp-block-column\">\n<h1 class=\"has-text-align-left texte-hn\" id=\"emplacements-camping-3-etoiles-a-aiguines\">3-Sterne-Service unseres Campingplatzes in den Bouches du Rh\u00f4ne<\/h1>\n\n\n\n<div class=\"wp-block-columns\">\n<div class=\"wp-block-column\" style=\"flex-basis:0%\"><\/div>\n\n\n\n<div class=\"wp-block-column\" style=\"flex-basis:66.66%\">\n<p>Im Saint-Gabriel, unserem <strong>Campingplatz im Departement Bouches-du-Rh\u00f4ne<\/strong> in Tarascon, bieten wir Ihnen eine Vielzahl von Dienstleistungen, Einrichtungen und Materialverleih an, um Ihren <strong>Aufenthalt in der Provence<\/strong> so angenehm wie m\u00f6glich zu gestalten.<\/p>\n\n\n\n<div class=\"wp-block-columns pictos\">\n<div class=\"wp-block-column\"><i class=\"fal fa-dumbbell\"><\/i>\n\n\n\n<p class=\"has-text-align-center\">Fitnessbereich<\/p>\n<\/div>\n\n\n\n<div class=\"wp-block-column\"><i class=\"fal fa-rv\"><\/i>\n\n\n\n<p class=\"has-text-align-center\">Servicebereich f\u00fcr Wohnmobile<\/p>\n<\/div>\n<\/div>\n<\/div>\n<\/div>\n<\/div>\n\n\n\n<div class=\"wp-block-column\">\n<figure class=\"wp-block-image size-full fade-left btn_resa_empl\"><img src=\"https:\/\/www.campingsaintgabriel.com\/wp-content\/uploads\/2022\/12\/camping-bouche-du-rhone-soirees.jpg\" alt=\"\" class=\"wp-image-705\"\/><figcaption>Zelte, Wohnwagen, Wohnmobile<br\/><strong>Entdecken Sie unsere Standorte<\/strong><\/figcaption><\/figure><\/div>\n<\/div>\n<\/div><\/div>\n<\/div><\/section>\n\n<section class=\"wp-container-69e7eb79367ae wp-block-group F-55-a\"><div class=\"wp-block-group__inner-container\">\n<h2 class=\"titre1 texte-hn\" id=\"profitez-de-notre-parc-aquatique-dans-le-var-a-sanary-sur-mer-1\">Die Freizeit- und Erholungseinrichtungen unseres Campingplatzes in Tarascon<\/h2>\n\n\n\n<div class=\"wp-block-columns\">\n<div class=\"wp-block-column\" style=\"flex-basis:33.33%\"><\/div>\n\n\n\n<div class=\"wp-block-column\" style=\"flex-basis:66.66%\">\n<div class=\"wp-block-columns pictos\">\n<div class=\"wp-block-column\"><i class=\"fal fa-washing-machine\"><\/i>\n\n\n\n<p class=\"has-text-align-center\">W\u00e4schereibereich<\/p>\n<\/div>\n\n\n\n<div class=\"wp-block-column\"><i class=\"fal fa-wifi\"><\/i>\n\n\n\n<p class=\"has-text-align-center\">Kostenloses Wifi<\/p>\n<\/div>\n\n\n\n<div class=\"wp-block-column\"><i class=\"fal fa-shish-kebab\"><\/i>\n\n\n\n<p class=\"has-text-align-center\">Gemeinsames Grillen<\/p>\n<\/div>\n<\/div>\n\n\n\n<p>Um Ihnen die Organisation Ihres Aufenthalts zu erleichtern oder Sie zu unterhalten, stellen wir zahlreiche Dienstleistungen und Freizeiteinrichtungen f\u00fcr die ganze Familie zur Verf\u00fcgung. Unter den vor Ort angebotenen Unterhaltungsm\u00f6glichkeiten k\u00f6nnen Gro\u00df und Klein in unserem <strong>Schwimmbad<\/strong> baden! Au\u00dferdem gibt es einen Fitnessbereich, Spiele, &#8230;<\/p>\n<\/div>\n<\/div>\n<\/div><\/section>\n\n<div class=\"wp-container-69e7eb7936b59 wp-block-group boxage\"><div class=\"wp-block-group__inner-container\">\n<div class=\"wp-block-group encart-citation\"><div class=\"wp-block-group__inner-container\">\n<h2 id=\"vidange-camping-car-5-seulement-pour-les-personnes-exterieures-au-camping\">Entleerung Wohnmobil 5\u20ac nur f\u00fcr Personen au\u00dferhalb des Campingplatzes<\/h2>\n\n\n\n<ul><li>Nur Badehosen sind im Schwimmbad erlaubt, Shorts, Bermudas, Unterhosen etc. sind verboten.<\/li><li>Kinder m\u00fcssen von ihren Eltern zum Schwimmbad begleitet werden.<\/li><li>Haustiere sind bei der Anmietung eines Stellplatzes erlaubt, wenn sie an der Leine gef\u00fchrt werden und ihren Impfpass mitbringen.<\/li><li>1 Toilette f\u00fcr Personen mit eingeschr\u00e4nkter Mobilit\u00e4t steht zur Verf\u00fcgung.<\/li><li>Ein Wickeltisch und Hochst\u00fchle stehen zur Verf\u00fcgung.<\/li><\/ul><\/div><\/div>\n<\/div><\/div>\n","protected":false},"excerpt":{"rendered":"Dienstleistungen des Campingplatzes Die Freizeit- und Erholungseinrichtungen unseres Campingplatzes in [&hellip;]","protected":false},"author":1,"featured_media":0,"parent":0,"menu_order":0,"comment_status":"closed","ping_status":"closed","template":"","meta":[],"acf":[],"_links":{"self":[{"href":"https:\/\/www.campingsaintgabriel.com\/de\/wp-json\/wp\/v2\/pages\/1103"}],"collection":[{"href":"https:\/\/www.campingsaintgabriel.com\/de\/wp-json\/wp\/v2\/pages"}],"about":[{"href":"https:\/\/www.campingsaintgabriel.com\/de\/wp-json\/wp\/v2\/types\/page"}],"author":[{"embeddable":true,"href":"https:\/\/www.campingsaintgabriel.com\/de\/wp-json\/wp\/v2\/users\/1"}],"replies":[{"embeddable":true,"href":"https:\/\/www.campingsaintgabriel.com\/de\/wp-json\/wp\/v2\/comments?post=1103"}],"version-history":[{"count":6,"href":"https:\/\/www.campingsaintgabriel.com\/de\/wp-json\/wp\/v2\/pages\/1103\/revisions"}],"predecessor-version":[{"id":1423,"href":"https:\/\/www.campingsaintgabriel.com\/de\/wp-json\/wp\/v2\/pages\/1103\/revisions\/1423"}],"wp:attachment":[{"href":"https:\/\/www.campingsaintgabriel.com\/de\/wp-json\/wp\/v2\/media?parent=1103"}],"curies":[{"name":"wp","href":"https:\/\/api.w.org\/{rel}","templated":true}]}}