{"id":1091,"date":"2026-01-26T15:14:00","date_gmt":"2026-01-26T14:14:00","guid":{"rendered":"https:\/\/www.campingsaintgabriel.com\/vermietungen\/"},"modified":"2025-09-27T11:57:38","modified_gmt":"2025-09-27T09:57:38","slug":"vermietungen","status":"publish","type":"page","link":"https:\/\/www.campingsaintgabriel.com\/de\/vermietungen\/","title":{"rendered":"Vermietungen"},"content":{"rendered":"\n<section class=\"wp-container-69eac9948ccd5 wp-block-group alignfull F-05-b loco-container-scroll\"><div class=\"wp-block-group__inner-container\">\n<figure class=\"wp-block-image size-large wp-embed-aspect-16-9 wp-has-aspect-ratio\"><img loading=\"lazy\" width=\"1024\" height=\"269\" src=\"https:\/\/www.campingsaintgabriel.com\/wp-content\/uploads\/2023\/03\/camping-bouches-du-rhone-emplacement-1024x269.webp\" alt=\"Camping Saint Gabriel : Camping Bouches Du Rhone Emplacement\" class=\"wp-image-1389\" srcset=\"https:\/\/www.campingsaintgabriel.com\/wp-content\/uploads\/2023\/03\/camping-bouches-du-rhone-emplacement-1024x269.webp 1024w, https:\/\/www.campingsaintgabriel.com\/wp-content\/uploads\/2023\/03\/camping-bouches-du-rhone-emplacement-300x79.webp 300w, https:\/\/www.campingsaintgabriel.com\/wp-content\/uploads\/2023\/03\/camping-bouches-du-rhone-emplacement-768x202.webp 768w, https:\/\/www.campingsaintgabriel.com\/wp-content\/uploads\/2023\/03\/camping-bouches-du-rhone-emplacement-1536x404.webp 1536w, https:\/\/www.campingsaintgabriel.com\/wp-content\/uploads\/2023\/03\/camping-bouches-du-rhone-emplacement.webp 1900w\" sizes=\"(max-width: 1024px) 100vw, 1024px\" \/><\/figure>\n\n\n\n<p class=\"texte-h\">Unsere Mietobjekte<\/p>\n<\/div><\/section>\n\n\n\n<section class=\"wp-container-69eac99496fae wp-block-group alignfull F-95-a\" style=\"padding-right:50px\"><div class=\"wp-block-group__inner-container\">\n<h1 class=\"has-text-align-left titre has-x-large-font-size\" id=\"mobilheimvermietung-in-bouches-du-rhone-entdecken-sie-unsere-unterkunfte-in-paca\">Mobilheimvermietung in Bouches-du-Rh\u00f4ne: Entdecken Sie unsere Unterk\u00fcnfte in PACA<\/h1>\n\n\n\n<div class=\"wp-block-columns\">\n<div class=\"wp-block-column\" style=\"flex-basis:30%\">\n<p style=\"font-size:18px\">F\u00fcr Ihren n\u00e4chsten Mobilheimaufenthalt in Bouches-du-Rh\u00f4ne bietet Ihnen unser Campingplatz Saint-Gabriel in Tarascon 17 komfortable und voll ausgestattete Mobilheime, eingebettet in einen 1,4 Hektar gro\u00dfen, bewaldeten Park in typisch provenzalischer Umgebung. Unsere Unterk\u00fcnfte sind auf Ihre Bed\u00fcrfnisse zugeschnitten und bieten mit 1, 2 und 3 Schlafzimmern Platz f\u00fcr 2 bis 6 Personen. Jedes Mobilheim verf\u00fcgt \u00fcber eine umschaltbare Klimaanlage, einen Fernseher und eine voll ausgestattete K\u00fcche.<\/p>\n\n\n\n<p style=\"font-size:18px\">Vermietungen sind ab zwei N\u00e4chten m\u00f6glich, au\u00dfer von Mitte Juli bis Mitte August, da sind Vermietungen nur von Samstag bis Samstag m\u00f6glich.<\/p>\n\n\n\n<p>Dar\u00fcber hinaus bieten wir praktische M\u00f6glichkeiten: Verleih von Bettw\u00e4sche und Handt\u00fcchern sowie kostenlose Bereitstellung (nach Voranmeldung) von Reisebetten und Hochst\u00fchlen f\u00fcr Kleinkinder.<\/p>\n\n\n\n<p style=\"font-size:18px\">Die durch nat\u00fcrliche Hecken abgegrenzten Stellpl\u00e4tze garantieren Privatsph\u00e4re und Ruhe.<\/p>\n\n\n\n<div class=\"wp-container-69eac9948d12a wp-block-buttons\">\n<div class=\"wp-block-button has-custom-font-size btn_resa_loc has-medium-font-size\"><a class=\"wp-block-button__link\">Buchen Sie Ihren Aufenthalt<\/a><\/div>\n<\/div>\n<\/div>\n\n\n\n<div class=\"wp-block-column\">\r\n    <ul class=\"locations_liste\">\r\n\r\n        \r\n            <li class=\"locations_liste-item btn_resa95990\">\r\n              <figure class=\"wp-block-image\"><img src=\"https:\/\/www.campingsaintgabriel.com\/wp-content\/uploads\/2024\/05\/Bungalow-1-chambre-26.webp\" alt=\"Mobil home dans les Bouches du Rh\u00f4ne\" \/><\/figure>\r\n\r\n                                <ul class=\"pictos\">\r\n                                              <li>\r\n                          <i class=\"fal fa-bed-alt\"><\/i>                          <p>2 pers.<\/p>\r\n                        <\/li>\r\n                                              <li>\r\n                          <i class=\"fal fa-air-conditioner\"><\/i>                          <p>Clim.<\/p>\r\n                        <\/li>\r\n                                              <li>\r\n                          <i class=\"fal fa-tv\"><\/i>                          <p>TV<\/p>\r\n                        <\/li>\r\n                                        <\/ul>\r\n              \r\n              <p class=\"-nom\">Mobil-home 1 Zimmer<\/p>\r\n                            <div class=\"-hover\"><p>Informationen &#038; Buchung<\/p><\/div>\r\n            <\/li>\r\n\r\n        \r\n            <li class=\"locations_liste-item btn_resa38768\">\r\n              <figure class=\"wp-block-image\"><img src=\"https:\/\/www.campingsaintgabriel.com\/wp-content\/uploads\/2025\/01\/00001147053.webp\" alt=\"\" \/><\/figure>\r\n\r\n                                <ul class=\"pictos\">\r\n                                              <li>\r\n                          <i class=\"fal fa-bed-alt\"><\/i>                          <p>4\/6 pers.<\/p>\r\n                        <\/li>\r\n                                              <li>\r\n                          <i class=\"fal fa-air-conditioner\"><\/i>                          <p>Clim.<\/p>\r\n                        <\/li>\r\n                                              <li>\r\n                          <i class=\"fal fa-tv\"><\/i>                          <p>TV<\/p>\r\n                        <\/li>\r\n                                        <\/ul>\r\n              \r\n              <p class=\"-nom\">Mobil-home 2 Zimmer<\/p>\r\n                            <div class=\"-hover\"><p>Informationen &#038; Buchung<\/p><\/div>\r\n            <\/li>\r\n\r\n        \r\n            <li class=\"locations_liste-item btn_resa122681\">\r\n              <figure class=\"wp-block-image\"><img src=\"https:\/\/www.campingsaintgabriel.com\/wp-content\/uploads\/2025\/01\/00001147068.webp\" alt=\"\" \/><\/figure>\r\n\r\n                                <ul class=\"pictos\">\r\n                                              <li>\r\n                          <i class=\"fal fa-bed-alt\"><\/i>                          <p>6 pers.<\/p>\r\n                        <\/li>\r\n                                              <li>\r\n                          <i class=\"fal fa-air-conditioner\"><\/i>                          <p>Clim.<\/p>\r\n                        <\/li>\r\n                                              <li>\r\n                          <i class=\"fal fa-tv\"><\/i>                          <p>TV<\/p>\r\n                        <\/li>\r\n                                        <\/ul>\r\n              \r\n              <p class=\"-nom\">Mobil-home 3 Zimmer<\/p>\r\n                            <div class=\"-hover\"><p>Informationen &#038; Buchung<\/p><\/div>\r\n            <\/li>\r\n\r\n        \r\n    <\/ul>\r\n\r\n<\/div>\n<\/div>\n\n\n\n<h2 id=\"mieten-sie-ein-mobilheim-in-den-bouches-du-rhone-in-tarascon\" style=\"font-size:32px\">Mieten Sie ein Mobilheim in den Bouches du Rh\u00f4ne in Tarascon<\/h2>\n\n\n\n<p style=\"font-size:18px\">Unser Campingplatz liegt ideal in den Bouches-du-Rh\u00f4ne, nur 10 Minuten von<strong> Les Baux-de-Provence und Saint-R\u00e9my-de-Provence<\/strong> und weniger als 20 Minuten von<strong> Arles<\/strong> entfernt. Nutzen Sie Ihren Aufenthalt, um das Departement Bouches-du-Rh\u00f4ne und seine ikonischen Sehensw\u00fcrdigkeiten wie die<strong> Alpilles<\/strong> und die<strong> Camargue<\/strong> zu erkunden. Ein Urlaub in unserem&nbsp;<a href=\"https:\/\/www.campingsaintgabriel.com\/de\/\" data-type=\"URL\" data-id=\"https:\/\/www.campingsaintgabriel.com\/de\/\">Camping in den Alpilles<\/a>&nbsp;bieten eine Vielzahl an Sehensw\u00fcrdigkeiten in der Region.<\/p>\n\n\n\n<p style=\"font-size:18px\">Dort <a rel=\"noreferrer noopener\" href=\"https:\/\/provence-alpes-cotedazur.com\/\" data-type=\"URL\" data-id=\"https:\/\/provence-alpes-cotedazur.com\/\" target=\"_blank\">R\u00e9gion Provence Alpes C\u00f4te d\u2019Azur<\/a>&nbsp;oAuch die Region bietet zahlreiche Ausflugsziele. Sie befinden sich am Tor zum<strong> regionalen Naturpark Lub\u00e9ron.<\/strong> Entdecken Sie die D\u00f6rfe<strong>r Maussane <\/strong>und<strong> Fontvieille <\/strong>oder genie\u00dfen Sie eine der zahlreichen Aktivit\u00e4ten der Region.<\/p>\n\n\n\n<p style=\"font-size:18px\">Buchen Sie jetzt Ihr<strong> Mobilheim in Bouches-du-Rh\u00f4n<\/strong>e und g\u00f6nnen Sie sich einen unvergesslichen Aufenthalt in einer ruhigen und gr\u00fcnen Umgebung, unterbrochen vom Gesang der <strong>Zikaden und der Sch\u00f6nheit der Provence.<\/strong><\/p>\n\n\n\n<div class=\"wp-container-69eac99496b45 wp-block-buttons\">\n<div class=\"wp-block-button has-custom-font-size btn_scroll has-medium-font-size\"><a class=\"wp-block-button__link\" href=\"#dispo_prix\">Wochenpreise<\/a><\/div>\n<\/div>\n\n\n<ctv-availability data-product-type='accommodation' data-background-color='#FFFFFFFF' ><\/ctv-availability>\n\n\n\n<h2 id=\"profitez-de-notre-parc-aquatique-dans-le-var-a-sanary-sur-mer-1\" style=\"font-size:32px\">\u00dcbernachten Sie in einem Mobilheim in Bouches-du-Rh\u00f4ne mit Klimaanlage und allem Komfort<\/h2>\n\n\n\n<p style=\"font-size:18px\">Auf dem Campingplatz Saint-Gabriel bieten unsere Mobilheime alles<strong>, was Sie f\u00fcr einen angenehmen Aufenthalt ben\u00f6tigen:<\/strong> ein Badezimmer und eine separate Toilette, eine voll ausgestattete K\u00fcche, ein gem\u00fctliches Wohnzimmer und eine Holzterrasse, um die Natur in vollen Z\u00fcgen zu genie\u00dfen.<\/p>\n\n\n\n<p style=\"font-size:18px\">Jedes unserer <strong>Mobilheime in der Region PACA <\/strong>ist mit einer umschaltbaren Klimaanlage, einem Fernseher und Gartenm\u00f6beln mit Liegest\u00fchlen ausgestattet, damit Sie in aller Ruhe entspannen k\u00f6nnen. Unsere <strong>Mobilheime sind<\/strong> mit K\u00fchlschrank, Mikrowelle, elektrischer Kaffeemaschine und dem notwendigen Geschirr (Bettw\u00e4sche nicht inbegriffen) ausgestattet. Jede <a href=\"https:\/\/www.campingsaintgabriel.com\/de\/standorte\/\" data-type=\"page\" data-id=\"1065\">Standort<\/a> ist von nat\u00fcrlichen Hecken umgeben und schattig. Dar\u00fcber hinaus sind alle unsere Mobilheime weniger als 10 Jahre alt. Warten Sie also nicht, pr\u00fcfen Sie unsere Verf\u00fcgbarkeit und buchen Sie jetzt!<\/p>\n\n\n\n<p style=\"font-size:18px\">EProfitieren Sie zus\u00e4tzlich zu Ihrer Unterkunft von unseren <a href=\"https:\/\/www.campingsaintgabriel.com\/de\/wasserraum\/\" data-type=\"page\" data-id=\"1077\">Wasserbereich<\/a> <strong>Mit beheiztem Pool und <\/strong>Solarium, ideal f\u00fcr Momente der Entspannung oder um Ihre Br\u00e4une unter der Sonne der Provence zu perfektionieren. Und schlie\u00dflich bietet ein Aufenthalt in einem <strong>Mobilheim in den Bouches-du-Rh\u00f4ne<\/strong> auch die M\u00f6glichkeit, der Natur n\u00e4her zu sein, da in der N\u00e4he viele Wanderungen m\u00f6glich sind.<\/p>\n<\/div><\/section>\n","protected":false},"excerpt":{"rendered":"Unsere Mietobjekte Mobilheimvermietung in Bouches-du-Rh\u00f4ne: Entdecken Sie unsere Unterk\u00fcnfte in [&hellip;]","protected":false},"author":2,"featured_media":0,"parent":0,"menu_order":0,"comment_status":"closed","ping_status":"closed","template":"","meta":[],"acf":[],"_links":{"self":[{"href":"https:\/\/www.campingsaintgabriel.com\/de\/wp-json\/wp\/v2\/pages\/1091"}],"collection":[{"href":"https:\/\/www.campingsaintgabriel.com\/de\/wp-json\/wp\/v2\/pages"}],"about":[{"href":"https:\/\/www.campingsaintgabriel.com\/de\/wp-json\/wp\/v2\/types\/page"}],"author":[{"embeddable":true,"href":"https:\/\/www.campingsaintgabriel.com\/de\/wp-json\/wp\/v2\/users\/2"}],"replies":[{"embeddable":true,"href":"https:\/\/www.campingsaintgabriel.com\/de\/wp-json\/wp\/v2\/comments?post=1091"}],"version-history":[{"count":14,"href":"https:\/\/www.campingsaintgabriel.com\/de\/wp-json\/wp\/v2\/pages\/1091\/revisions"}],"predecessor-version":[{"id":4141,"href":"https:\/\/www.campingsaintgabriel.com\/de\/wp-json\/wp\/v2\/pages\/1091\/revisions\/4141"}],"wp:attachment":[{"href":"https:\/\/www.campingsaintgabriel.com\/de\/wp-json\/wp\/v2\/media?parent=1091"}],"curies":[{"name":"wp","href":"https:\/\/api.w.org\/{rel}","templated":true}]}}