{"id":1077,"date":"2025-09-22T09:49:35","date_gmt":"2025-09-22T07:49:35","guid":{"rendered":"https:\/\/www.campingsaintgabriel.com\/wasserraum\/"},"modified":"2025-10-31T11:18:48","modified_gmt":"2025-10-31T10:18:48","slug":"wasserraum","status":"publish","type":"page","link":"https:\/\/www.campingsaintgabriel.com\/de\/wasserraum\/","title":{"rendered":"Wasserraum"},"content":{"rendered":"\n<section class=\"wp-container-69f5f678444de wp-block-group alignfull F-05-b loco-container-scroll\"><div class=\"wp-block-group__inner-container\">\n<figure class=\"wp-block-image size-large wp-embed-aspect-16-9 wp-has-aspect-ratio\"><img loading=\"lazy\" width=\"1024\" height=\"389\" src=\"https:\/\/www.campingsaintgabriel.com\/wp-content\/uploads\/2025\/01\/IMG_6682-1-1024x389.webp\" alt=\"\" class=\"wp-image-3450\" srcset=\"https:\/\/www.campingsaintgabriel.com\/wp-content\/uploads\/2025\/01\/IMG_6682-1-1024x389.webp 1024w, https:\/\/www.campingsaintgabriel.com\/wp-content\/uploads\/2025\/01\/IMG_6682-1-300x114.webp 300w, https:\/\/www.campingsaintgabriel.com\/wp-content\/uploads\/2025\/01\/IMG_6682-1-768x292.webp 768w, https:\/\/www.campingsaintgabriel.com\/wp-content\/uploads\/2025\/01\/IMG_6682-1-1536x583.webp 1536w, https:\/\/www.campingsaintgabriel.com\/wp-content\/uploads\/2025\/01\/IMG_6682-1.webp 1920w\" sizes=\"(max-width: 1024px) 100vw, 1024px\" \/><\/figure>\n\n\n\n<p class=\"texte-h\">Wasserraum<\/p>\n<\/div><\/section>\n\n\n\n<section class=\"wp-container-69f5f678449eb wp-block-group F-35-a\"><div class=\"wp-block-group__inner-container\">\n<div class=\"wp-block-columns\">\n<div class=\"wp-block-column\">\n<h1 class=\"has-text-align-left has-x-large-font-size\" id=\"decouvrez-les-environs-de-votre-camping-dans-le-verdon\">Campingplatz mit Schwimmbad in den Alpilles in der Provence<\/h1>\n\n\n\n<p style=\"font-size:18px\">Der Wasserbereich unseres kleinen <strong>Campingplatzes mit Schwimmbad in den Alpilles<\/strong> ist ideal f\u00fcr entspannende Momente mit Familie und Freunden. Unser beheiztes <strong>16 x 7 m gro\u00dfes Schwimmbad<\/strong>, das vom letzten Aprilwochenende bis zum 30. September ge\u00f6ffnet ist, bietet Ihnen den ganzen Tag lang ein angenehmes Bad unter der provenzalischen Sonne, eingelullt vom Gesang der Zikaden.  <\/p>\n\n\n\n<p style=\"font-size:18px\">Zus\u00e4tzlich zum Hauptpool unseres <strong>Campingplatzes <strong>mit Schwimmbad<\/strong><\/strong> <strong>in der Provence <\/strong>k\u00f6nnen sich die kleinen G\u00e4ste im <strong>sicheren Planschbecken<\/strong> vergn\u00fcgen. Es bietet einen altersgerechten Spielbereich unter Aufsicht der Eltern. Eine <strong>H\u00fcpfburg<\/strong> sorgt f\u00fcr zus\u00e4tzlichen Spa\u00df f\u00fcr die Kinder.  <\/p>\n\n\n\n<p style=\"font-size:18px\">Wer aktiv bleiben m\u00f6chte, kann im Fitnessbereich nach Belieben trainieren.<\/p>\n\n\n\n<p style=\"font-size:18px\">Eltern k\u00f6nnen<strong> in aller Ruhe entspannen<\/strong>, die Ruhe der Umgebung genie\u00dfen und einen Moment der Ruhe mit den F\u00fc\u00dfen im Wasser genie\u00dfen. Entspannen Sie sich auf unseren Liegest\u00fchlen, im Schatten der Sonnenschirme oder in der Sonne, begleitet vom Zirpen der Zikaden und bei Zimmertemperatur w\u00e4hrend der gesamten Sommersaison. Und um diese Momente des Wassergl\u00fccks zu verl\u00e4ngern, nutzen Sie die <strong>n\u00e4chtlichen Pool\u00f6ffnungen<\/strong> f\u00fcr abendliche Schwimmrunden unter dem Sternenhimmel. Das <strong>Schwimmbad auf unserem Campingplatz Saint Gabriel<\/strong> ist von 10 bis 20 Uhr ge\u00f6ffnet.   <\/p>\n\n\n\n<p style=\"font-size:18px\">Um die Umwelt zu schonen, wird unser Poolwasser mithilfe von <strong>Solarmodulen beheizt<\/strong>, wodurch die ganze Saison \u00fcber eine ideale Temperatur gew\u00e4hrleistet ist. Die Wassertemperatur ist daher im Sommer ideal, aber auch an k\u00fchleren Tagen au\u00dferhalb der Saison. <\/p>\n\n\n\n<p style=\"font-size:18px\">Unser <strong>Wasserbereich<\/strong> bietet Ihnen ein unvergessliches Erlebnis mit der Familie oder Freunden.<\/p>\n<\/div>\n\n\n\n<div class=\"wp-block-column\">\n<figure class=\"wp-block-image size-full\"><img loading=\"lazy\" width=\"500\" height=\"375\" src=\"https:\/\/www.campingsaintgabriel.com\/wp-content\/uploads\/2025\/03\/2019-07-04-Photoroom.webp\" alt=\"Das Schwimmbad auf unserem Campingplatz in Bouches-du-Rh\u00f4ne\" class=\"wp-image-3559\" srcset=\"https:\/\/www.campingsaintgabriel.com\/wp-content\/uploads\/2025\/03\/2019-07-04-Photoroom.webp 500w, https:\/\/www.campingsaintgabriel.com\/wp-content\/uploads\/2025\/03\/2019-07-04-Photoroom-300x225.webp 300w\" sizes=\"(max-width: 500px) 100vw, 500px\" \/><\/figure>\n\n\n\n<figure class=\"wp-block-image size-full\"><img loading=\"lazy\" width=\"500\" height=\"281\" src=\"https:\/\/www.campingsaintgabriel.com\/wp-content\/uploads\/2025\/03\/DSC00053.webp\" alt=\"Schwimmbad und Sonnenbaden auf dem Campingplatz Saint-Gabriel in der Provence\" class=\"wp-image-3563\" srcset=\"https:\/\/www.campingsaintgabriel.com\/wp-content\/uploads\/2025\/03\/DSC00053.webp 500w, https:\/\/www.campingsaintgabriel.com\/wp-content\/uploads\/2025\/03\/DSC00053-300x169.webp 300w\" sizes=\"(max-width: 500px) 100vw, 500px\" \/><\/figure>\n<\/div>\n<\/div>\n<\/div><\/section>\n\n\n\n<div class=\"wp-block-columns pictos\">\n<div class=\"wp-block-column\"><i class=\"fal fa-water-ladder\"><\/i>\n\n\n\n<p class=\"has-text-align-left has-medium-font-size\">Piscine chauff\u00e9e<\/p>\n<\/div>\n\n\n\n<div class=\"wp-block-column\"><i class=\"fal fa-child\"><\/i>\n\n\n\n<p class=\"has-text-align-left has-medium-font-size\">Planschbecken<\/p>\n<\/div>\n\n\n\n<div class=\"wp-block-column\"><i class=\"fal fa-sun\"><\/i>\n\n\n\n<p class=\"has-text-align-left has-medium-font-size\">Sonnenbaden<\/p>\n<\/div>\n<\/div>\n\n\n\n<h2 class=\"has-text-align-left texte-hn\" id=\"decouvrez-les-gorges-du-verdon\" style=\"font-size:32px\">Warum sollten Sie sich f\u00fcr unseren Campingplatz mit beheiztem Schwimmbad in Tarascon in Bouches-du-Rh\u00f4ne entscheiden?<\/h2>\n\n\n\n<div class=\"wp-block-columns alignwide are-vertically-aligned-top\">\n<div class=\"wp-block-column is-vertically-aligned-top\" style=\"flex-basis:50%\">\n<section class=\"wp-container-69f5f678453d8 wp-block-group\"><div class=\"wp-block-group__inner-container\">\n<div class=\"wp-block-columns\">\n<div class=\"wp-block-column\">\n<figure class=\"wp-block-image size-full\"><img loading=\"lazy\" width=\"300\" height=\"225\" src=\"https:\/\/www.campingsaintgabriel.com\/wp-content\/uploads\/2025\/03\/IMG_6682-1.webp\" alt=\"Pool im Wasserbereich unseres Campingplatzes\" class=\"wp-image-3568\"\/><\/figure>\n<\/div>\n\n\n\n<div class=\"wp-block-column\">\n<figure class=\"wp-block-image size-full\"><img loading=\"lazy\" width=\"300\" height=\"401\" src=\"https:\/\/www.campingsaintgabriel.com\/wp-content\/uploads\/2025\/03\/20180421_152413.webp\" alt=\"Sonnenschirm neben unserem Schwimmbad auf dem Campingplatz in der N\u00e4he der Camargue\" class=\"wp-image-3574\" srcset=\"https:\/\/www.campingsaintgabriel.com\/wp-content\/uploads\/2025\/03\/20180421_152413.webp 300w, https:\/\/www.campingsaintgabriel.com\/wp-content\/uploads\/2025\/03\/20180421_152413-224x300.webp 224w\" sizes=\"(max-width: 300px) 100vw, 300px\" \/><\/figure>\n<\/div>\n<\/div>\n\n\n\n<div class=\"wp-container-69f5f678450b4 wp-block-buttons\">\n<div class=\"wp-block-button\"><a class=\"wp-block-button__link\" href=\"https:\/\/www.campingsaintgabriel.com\/de\/fotogalerie\/\">Zur Fotogalerie<\/a><\/div>\n<\/div>\n<\/div><\/section>\n<\/div>\n\n\n\n<div class=\"wp-block-column is-vertically-aligned-top F-35-a\" style=\"flex-basis:50%\">\n<p style=\"font-size:18px\">Unser <strong>Campingplatz mit Schwimmbad in den Alpilles<\/strong>, Saint Gabriel, empf\u00e4ngt Sie in einer einzigartigen und charmanten Umgebung in einem ehemaligen Gasthof aus dem 16. Jahrhundert. Ideal gelegen am Fu\u00dfe der Alpilles und der Camargue, bietet es Ihnen eine <strong>idyllische, ruhige und gr\u00fcne Umgebung<\/strong> und bietet eine gro\u00dfe Auswahl <strong> <\/strong><a href=\"https:\/\/www.campingsaintgabriel.com\/de\/aktivitaeten-animationen\/\" data-type=\"page\" data-id=\"717\">Unterhaltung<\/a> und Outdoor-Aktivit\u00e4ten: Wandern, Radfahren, Reiten und zahlreiche Wasseraktivit\u00e4ten auf der Rh\u00f4ne <\/p>\n\n\n\n<div class=\"wp-block-group lire-plus-pc\"><div class=\"wp-block-group__inner-container\">\n<p style=\"font-size:18px\">Weitere Informationen<\/p>\n\n\n\n<div class=\"wp-container-69f5f678457ec wp-block-group\"><div class=\"wp-block-group__inner-container\">\n<p style=\"font-size:18px\">Dank der erstklassigen Lage befinden Sie sich in der N\u00e4he vieler Sehensw\u00fcrdigkeiten der <strong>Region Provence-Alpes-C\u00f4te d&#8217;Azur<\/strong>. Erkunden Sie die Berge Lub\u00e9ron und Alpilles und entdecken Sie ihre atemberaubenden Landschaften. Schlendern Sie \u00fcber die typischen M\u00e4rkte, besuchen Sie renommierte Veranstaltungen wie das <a rel=\"noreferrer noopener\" href=\"https:\/\/festival-avignon.com\/\" data-type=\"URL\" data-id=\"https:\/\/festival-avignon.com\/\" target=\"_blank\">Festival von Avignon<\/a> oder die Rencontres de la Photographie d&#8217;Arles und erkunden Sie die ber\u00fchmten D\u00f6rfer und Sehensw\u00fcrdigkeiten. Dazu geh\u00f6ren das<a href=\"https:\/\/www.campingsaintgabriel.com\/de\/alentours\/campingplatz-baux-de-provence\/\"> Bergdorf Les Baux-de-Provence<\/a> und das <a href=\"https:\/\/www.campingsaintgabriel.com\/de\/alentours\/campingplatz-st-remy-de-provence\/\">provenzalische Dorf St-R\u00e9my-de-Provence<\/a>. Entdecken Sie auch Fontvieille, Arles, N\u00eemes und Avignon.    <\/p>\n\n\n\n<p style=\"font-size:18px\">Liebhaber der gehobenen K\u00fcche werden vom Restaurant unseres<strong> Campingplatzes mit Schwimmbad in den Bouches-du-Rh\u00f4ne<\/strong> begeistert sein. Jedes Gericht wird von unserem K\u00fcchenchef sorgf\u00e4ltig zubereitet und setzt dabei auf hochwertige lokale Produkte. <\/p>\n\n\n\n<p style=\"font-size:18px\">Dar\u00fcber hinaus verfolgt unser Campingplatz einen umweltfreundlichen Ansatz, um die Umwelt zu sch\u00fctzen, ohne die Qualit\u00e4t Ihres Urlaubs zu beeintr\u00e4chtigen. Und weil Ihre vierbeinigen Freunde zur Familie geh\u00f6ren, sind<strong> Hunde und Katzen auf dem Campingplatz willkommen!<\/strong> <\/p>\n\n\n\n<p style=\"font-size:18px\">Warten Sie nicht l\u00e4nger und buchen Sie Ihr Mobilheim (1, 2 oder 3 Schlafzimmer) oder Ihren <a href=\"https:\/\/www.campingsaintgabriel.com\/de\/standorte\/\" data-type=\"page\" data-id=\"646\">Stellplatz f\u00fcr Zelt, Wohnwagen oder Wohnmobil<\/a>. G\u00f6nnen Sie sich einen unvergesslichen <strong>Aufenthalt am Fu\u00dfe der Alpilles <\/strong>und vor den Toren der <strong>Camargue<\/strong>. <\/p>\n<\/div><\/div>\n<\/div><\/div>\n<\/div>\n<\/div>\n\n\n\n<h2 id=\"sejourner-dans-notre-camping-avec-piscine-dans-les-alpilles\" style=\"font-size:32px\">\u00dcbernachten Sie auf unserem Campingplatz mit Schwimmbad in den Alpilles<\/h2>\n\n\n\n<p style=\"font-size:18px\">Unser <a href=\"https:\/\/www.campingsaintgabriel.com\/de\/dienste\/\" data-type=\"page\" data-id=\"652\">3-Sterne-Campingplatz in Bouches-du-Rh\u00f4ne<\/a> hei\u00dft Sie im Herzen des herrlichen <a href=\"https:\/\/www.campingsaintgabriel.com\/de\/alentours\/camping-in-den-alpilles\/\" data-type=\"URL\" data-id=\"https:\/\/www.campingsaintgabriel.com\/alentours\/camping-dans-les-alpilles\/\">regionalen Naturparks Alpilles willkommen<\/a>. Wenn Sie f\u00fcr Ihren n\u00e4chsten Aufenthalt einen Campingplatz in unber\u00fchrter Natur suchen, ist unsere Anlage der ideale Ort f\u00fcr Sie. <\/p>\n\n\n\n<p style=\"font-size:18px\">Dar\u00fcber hinaus bietet unser Campingplatz hochwertige Unterk\u00fcnfte in ruhiger Lage. Unsere <a href=\"https:\/\/www.campingsaintgabriel.com\/de\/vermietungen\/\" data-type=\"page\" data-id=\"644\">Mobilheime in Bouches-du-Rh\u00f4ne<\/a> und unsere Stellpl\u00e4tze bieten Ihnen Ruhe und Frieden w\u00e4hrend Ihres Urlaubs. <\/p>\n\n\n\n<p style=\"font-size:18px\">Buchen Sie jetzt Ihren Aufenthalt auf unserem <strong>Campingplatz mit <strong>Schwimmbad <\/strong>in den Alpilles,<\/strong> Saint-Gabriel und lassen Sie sich von der unber\u00fchrten Natur, der herrlichen Umgebung und den zahlreichen Freizeitaktivit\u00e4ten in der N\u00e4he verzaubern. <strong>Erleben Sie einen einzigartigen Urlaub im Herzen der Provence.<\/strong> <\/p>\n\n\n\n<div class=\"wp-container-69f5f67845c6c wp-block-buttons\">\n<div class=\"wp-block-button\"><a class=\"wp-block-button__link\" href=\"https:\/\/www.campingsaintgabriel.com\/de\/dienste\/\">Entdecken Sie die Dienstleistungen<\/a><\/div>\n<\/div>\n","protected":false},"excerpt":{"rendered":"Wasserraum Campingplatz mit Schwimmbad in den Alpilles in der Provence [&hellip;]","protected":false},"author":1,"featured_media":0,"parent":0,"menu_order":0,"comment_status":"closed","ping_status":"closed","template":"","meta":[],"acf":[],"_links":{"self":[{"href":"https:\/\/www.campingsaintgabriel.com\/de\/wp-json\/wp\/v2\/pages\/1077"}],"collection":[{"href":"https:\/\/www.campingsaintgabriel.com\/de\/wp-json\/wp\/v2\/pages"}],"about":[{"href":"https:\/\/www.campingsaintgabriel.com\/de\/wp-json\/wp\/v2\/types\/page"}],"author":[{"embeddable":true,"href":"https:\/\/www.campingsaintgabriel.com\/de\/wp-json\/wp\/v2\/users\/1"}],"replies":[{"embeddable":true,"href":"https:\/\/www.campingsaintgabriel.com\/de\/wp-json\/wp\/v2\/comments?post=1077"}],"version-history":[{"count":4,"href":"https:\/\/www.campingsaintgabriel.com\/de\/wp-json\/wp\/v2\/pages\/1077\/revisions"}],"predecessor-version":[{"id":4171,"href":"https:\/\/www.campingsaintgabriel.com\/de\/wp-json\/wp\/v2\/pages\/1077\/revisions\/4171"}],"wp:attachment":[{"href":"https:\/\/www.campingsaintgabriel.com\/de\/wp-json\/wp\/v2\/media?parent=1077"}],"curies":[{"name":"wp","href":"https:\/\/api.w.org\/{rel}","templated":true}]}}