{"id":1065,"date":"2025-09-21T10:19:20","date_gmt":"2025-09-21T08:19:20","guid":{"rendered":"https:\/\/www.campingsaintgabriel.com\/standorte\/"},"modified":"2023-03-21T16:01:17","modified_gmt":"2023-03-21T15:01:17","slug":"standorte","status":"publish","type":"page","link":"https:\/\/www.campingsaintgabriel.com\/de\/standorte\/","title":{"rendered":"Standorte"},"content":{"rendered":"\n<section class=\"wp-container-69e88793ce54d wp-block-group alignfull F-05-b loco-container-scroll\"><div class=\"wp-block-group__inner-container\">\n<figure class=\"wp-block-image size-full wp-embed-aspect-16-9 wp-has-aspect-ratio\"><img loading=\"lazy\" width=\"1900\" height=\"503\" src=\"https:\/\/www.campingsaintgabriel.com\/wp-content\/uploads\/2022\/12\/camping-car-bouche-du-rhone.jpg\" alt=\"\" class=\"wp-image-809\" srcset=\"https:\/\/www.campingsaintgabriel.com\/wp-content\/uploads\/2022\/12\/camping-car-bouche-du-rhone.jpg 1900w, https:\/\/www.campingsaintgabriel.com\/wp-content\/uploads\/2022\/12\/camping-car-bouche-du-rhone-300x79.jpg 300w, https:\/\/www.campingsaintgabriel.com\/wp-content\/uploads\/2022\/12\/camping-car-bouche-du-rhone-1024x271.jpg 1024w, https:\/\/www.campingsaintgabriel.com\/wp-content\/uploads\/2022\/12\/camping-car-bouche-du-rhone-768x203.jpg 768w, https:\/\/www.campingsaintgabriel.com\/wp-content\/uploads\/2022\/12\/camping-car-bouche-du-rhone-1536x407.jpg 1536w\" sizes=\"(max-width: 1900px) 100vw, 1900px\" \/><\/figure>\n\n\n\n<p class=\"texte-h\">Unsere Standorte<\/p>\n<\/div><\/section>\n\n\n\n<section class=\"wp-container-69e88793cef1c wp-block-group alignfull F-60-a\"><div class=\"wp-block-group__inner-container\">\n<div class=\"wp-block-cover is-light\"><span aria-hidden=\"true\" class=\"has-blanc-background-color has-background-dim-0 wp-block-cover__gradient-background has-background-dim\"><\/span><img class=\"wp-block-cover__image-background wp-image-813\" alt=\"\" src=\"https:\/\/www.campingsaintgabriel.com\/wp-content\/uploads\/2022\/12\/00000815625.webp\" data-object-fit=\"cover\"\/><div class=\"wp-block-cover__inner-container\">\n<div class=\"wp-block-columns\">\n<div class=\"wp-block-column\">\n<h1 class=\"has-text-align-left texte-hn\" id=\"emplacements-camping-3-etoiles-a-aiguines\">Camping in Tarascon: Unsere Stellpl\u00e4tze mit allem Komfort am Fu\u00dfe der Alpilles<\/h1>\n\n\n\n<div class=\"wp-block-columns\">\n<div class=\"wp-block-column\" style=\"flex-basis:0%\"><\/div>\n\n\n\n<div class=\"wp-block-column\" style=\"flex-basis:66.66%\">\n<p>F\u00fcr Ihren n\u00e4chsten <strong>Campingurlaub im Departement Bouches-du-Rh\u00f4ne<\/strong> bietet Ihnen Le Saint-Gabriel*** seine <strong>Campingpl\u00e4tze mit allem Komfort<\/strong>. Ob Sie nun lieber mit <strong>Zelt, Wohnmobil<\/strong> oder Wohnwagen anreisen, Sie k\u00f6nnen die Freuden des <strong>traditionellen Campings<\/strong> in einer idealen Umgebung vor den Toren des Alpilles-Massivs und zahlreicher<strong> unumg\u00e4nglicher D\u00f6rfer im Departement Bouches-du-Rh\u00f4ne<\/strong> genie\u00dfen!<\/p>\n\n\n\n<div class=\"wp-block-columns pictos\">\n<div class=\"wp-block-column\"><i class=\"fal fa-campground\"><\/i>\n\n\n\n<p class=\"has-text-align-center\">Pauschale f\u00fcr 2 Personen<\/p>\n<\/div>\n\n\n\n<div class=\"wp-block-column\"><i class=\"fal fa-lightbulb-on\"><\/i>\n\n\n\n<p class=\"has-text-align-center\">Elektrischer Anschluss<\/p>\n<\/div>\n<\/div>\n\n\n\n<div class=\"wp-container-69e88793ceb2e wp-block-buttons\">\n<div class=\"wp-block-button btn_resa_empl\"><a class=\"wp-block-button__link\">Einen Platz buchen<\/a><\/div>\n\n\n\n<div class=\"wp-block-button btn_scroll small\"><a class=\"wp-block-button__link\" href=\"#dispo_prix\">Preise pro Woche<\/a><\/div>\n<\/div>\n<\/div>\n<\/div>\n<\/div>\n\n\n\n<div class=\"wp-block-column\">\n<figure class=\"wp-block-image size-large fade-left btn_resa_empl\"><img src=\"https:\/\/www.campingsaintgabriel.com\/wp-content\/uploads\/2023\/01\/2_JAC3525-1024x682.jpg\" alt=\"\" class=\"wp-image-1242\"\/><figcaption>Zelte, Wohnwagen, Wohnmobile<br><strong>Entdecken Sie unsere Standorte<\/strong><\/figcaption><\/figure>\n<\/div>\n<\/div>\n<\/div><\/div>\n<\/div><\/section>\n\n\n\n<section id=\"dispo_prix\" class=\"wp-container-69e88793cf2c7 wp-block-group\"><div class=\"wp-block-group__inner-container\"><ctv-availability data-product-type='pitch' data-background-color='#FFFFFFFF' ><\/ctv-availability>\n<\/div><\/section>\n\n\n\n<section class=\"wp-container-69e88793cfacf wp-block-group F-55-a\"><div class=\"wp-block-group__inner-container\">\n<h2 class=\"titre1 texte-hn\" id=\"profitez-de-notre-parc-aquatique-dans-le-var-a-sanary-sur-mer-1\">Genie\u00dfen Sie Campingpl\u00e4tze mit allem Komfort<\/h2>\n\n\n\n<div class=\"wp-block-columns\">\n<div class=\"wp-block-column\" style=\"flex-basis:33.33%\"><\/div>\n\n\n\n<div class=\"wp-block-column\" style=\"flex-basis:66.66%\">\n<p>Auf Ihrem<strong> Campingplatz in Tarascon<\/strong> profitieren Sie von<strong>grasbewachsenen und baumbestandenen Stellpl\u00e4tzen<\/strong>, die durch Hecken voneinander getrennt sind. Auf einer Parzelle von ca. 90 m\u00b2 k\u00f6nnen Sie es sich mit Ihrem Zelt oder Freizeitfahrzeug gem\u00fctlich machen.<br>Diese Stellpl\u00e4tze beinhalten den Zugang zu den Sanit\u00e4ranlagen sowie zu den verschiedenen Dienstleistungen und Freizeiteinrichtungen des Campingplatzes, wie z. B. Schwimmbad, <a href=\"https:\/\/www.campingsaintgabriel.com\/de\/aktivitaeten-animationen\/\" data-type=\"URL\" data-id=\"https:\/\/www.campingsaintgabriel.com\/de\/aktivitaeten-animationen\/\">Animationen<\/a> usw.<\/p>\n\n\n\n<p>Zu den <a href=\"https:\/\/www.campingsaintgabriel.com\/de\/dienste\/\" data-type=\"URL\" data-id=\"https:\/\/www.campingsaintgabriel.com\/de\/dienste\/\">Serviceleistungen<\/a> Ihres <strong>Campingplatzes Bouches du Rhone<\/strong>, die Ihnen das Leben w\u00e4hrend Ihres <strong>Urlaubs in der PACA<\/strong> erleichtern sollen, geh\u00f6rt Le Saint-Gabriel mit Gefrierschr\u00e4nken, die an der Rezeption erh\u00e4ltlich sind. So k\u00f6nnen Sie vor allem Ihre Getr\u00e4nke k\u00fchl halten! Au\u00dferdem finden Sie auf dem Campingplatz Saint-Gabriel auch Gemeinschaftsgrills, um gesellige Momente zu teilen.<\/p>\n\n\n\n<p>Au\u00dferdem k\u00f6nnen <strong>Wohnmobilfahrer<\/strong>, die einen Rastplatz im Departement Bouches-du-Rh\u00f4ne am Fu\u00dfe des <strong>Alpilles-Massivs<\/strong> suchen, auf den Rastplatz St Gabriel auf unserem Campingplatz in <strong>Tarascon<\/strong> in der N\u00e4he von <strong>Fontvieille<\/strong> und <strong>Les Baux de Provence<\/strong> z\u00e4hlen.<\/p>\n\n\n\n<div class=\"wp-block-group lire-plus-pc\"><div class=\"wp-block-group__inner-container\">\n<p>Lesen Sie mehr<\/p>\n\n\n\n<div class=\"wp-container-69e88793cf742 wp-block-group\"><div class=\"wp-block-group__inner-container\">\n<h2 id=\"sejournez-sur-un-emplacement-de-camping-pres-de-fontvielle\">Aufenthalt auf einem Campingplatz in der N\u00e4he von Fontvielle<\/h2>\n\n\n\n<p>Von Ihrem <strong>Stellplatz auf dem Campingplatz<\/strong> Saint-Gabriel in Tarascon aus haben entdeckungsfreudige Urlauber die M\u00f6glichkeit, eine Vielzahl ber\u00fchmter St\u00e4dte und D\u00f6rfer im Departement Bouches du Rh\u00f4ne zu erkunden. Denn sie haben die Qual der Wahl, wenn es um die Wahl ihrer Besuche in der Region geht. Von den Carri\u00e8res de Lumi\u00e8res in Les Baux-de-Provence \u00fcber Arles bis hin zum Alpilles-Park k\u00f6nnen Sie bei Ihrem <strong>Aufenthalt in Tarascon<\/strong> auf einem Campingplatz Bouches du Rhone viele Facetten der Region entdecken.<\/p>\n<\/div><\/div>\n<\/div><\/div>\n<\/div>\n<\/div>\n<\/div><\/section>\n","protected":false},"excerpt":{"rendered":"Unsere Standorte Genie\u00dfen Sie Campingpl\u00e4tze mit allem Komfort Auf Ihrem [&hellip;]","protected":false},"author":1,"featured_media":0,"parent":0,"menu_order":0,"comment_status":"closed","ping_status":"closed","template":"","meta":[],"acf":[],"_links":{"self":[{"href":"https:\/\/www.campingsaintgabriel.com\/de\/wp-json\/wp\/v2\/pages\/1065"}],"collection":[{"href":"https:\/\/www.campingsaintgabriel.com\/de\/wp-json\/wp\/v2\/pages"}],"about":[{"href":"https:\/\/www.campingsaintgabriel.com\/de\/wp-json\/wp\/v2\/types\/page"}],"author":[{"embeddable":true,"href":"https:\/\/www.campingsaintgabriel.com\/de\/wp-json\/wp\/v2\/users\/1"}],"replies":[{"embeddable":true,"href":"https:\/\/www.campingsaintgabriel.com\/de\/wp-json\/wp\/v2\/comments?post=1065"}],"version-history":[{"count":6,"href":"https:\/\/www.campingsaintgabriel.com\/de\/wp-json\/wp\/v2\/pages\/1065\/revisions"}],"predecessor-version":[{"id":1410,"href":"https:\/\/www.campingsaintgabriel.com\/de\/wp-json\/wp\/v2\/pages\/1065\/revisions\/1410"}],"wp:attachment":[{"href":"https:\/\/www.campingsaintgabriel.com\/de\/wp-json\/wp\/v2\/media?parent=1065"}],"curies":[{"name":"wp","href":"https:\/\/api.w.org\/{rel}","templated":true}]}}