{"id":1047,"date":"2025-09-21T16:17:52","date_gmt":"2025-09-21T14:17:52","guid":{"rendered":"https:\/\/www.campingsaintgabriel.com\/camping-ecologique-bouches-du-rhone\/"},"modified":"2025-09-21T16:18:09","modified_gmt":"2025-09-21T14:18:09","slug":"camping-ecologique-bouches-du-rhone","status":"publish","type":"page","link":"https:\/\/www.campingsaintgabriel.com\/de\/camping-ecologique-bouches-du-rhone\/","title":{"rendered":"\u00d6kologisches Camping"},"content":{"rendered":"\n<section class=\"wp-container-6a0584e549836 wp-block-group alignfull F-05-b loco-container-scroll\"><div class=\"wp-block-group__inner-container\">\n<figure class=\"wp-block-image size-large wp-embed-aspect-16-9 wp-has-aspect-ratio\"><img loading=\"lazy\" width=\"1024\" height=\"269\" src=\"https:\/\/www.campingsaintgabriel.com\/wp-content\/uploads\/2023\/01\/camping-ecologique-paca-1024x269.jpg\" alt=\"Camping Saint Gabriel: &#xD6;kologischer Campingplatz Paca\" class=\"wp-image-971\" srcset=\"https:\/\/www.campingsaintgabriel.com\/wp-content\/uploads\/2023\/01\/camping-ecologique-paca-1024x269.jpg 1024w, https:\/\/www.campingsaintgabriel.com\/wp-content\/uploads\/2023\/01\/camping-ecologique-paca-300x79.jpg 300w, https:\/\/www.campingsaintgabriel.com\/wp-content\/uploads\/2023\/01\/camping-ecologique-paca-768x202.jpg 768w, https:\/\/www.campingsaintgabriel.com\/wp-content\/uploads\/2023\/01\/camping-ecologique-paca-1536x404.jpg 1536w, https:\/\/www.campingsaintgabriel.com\/wp-content\/uploads\/2023\/01\/camping-ecologique-paca.jpg 1900w\" sizes=\"(max-width: 1024px) 100vw, 1024px\" \/><\/figure>\n\n\n\n<p class=\"texte-h\">\u00d6kologisches Camping<\/p>\n<\/div><\/section>\n\n<section class=\"wp-container-6a0584e549cea wp-block-group alignfull F-60-a\"><div class=\"wp-block-group__inner-container\">\n<div class=\"wp-block-cover\"><span aria-hidden=\"true\" class=\"has-blanc-background-color has-background-dim-0 wp-block-cover__gradient-background has-background-dim\"><\/span><img loading=\"lazy\" width=\"382\" height=\"510\" class=\"wp-block-cover__image-background wp-image-2288\" alt=\"Camping Saint Gabriel : 2022 08 21\" src=\"https:\/\/www.campingsaintgabriel.com\/wp-content\/uploads\/2024\/10\/2022-08-21.jpg\" data-object-fit=\"cover\" srcset=\"https:\/\/www.campingsaintgabriel.com\/wp-content\/uploads\/2024\/10\/2022-08-21.jpg 382w, https:\/\/www.campingsaintgabriel.com\/wp-content\/uploads\/2024\/10\/2022-08-21-225x300.jpg 225w\" sizes=\"(max-width: 382px) 100vw, 382px\" \/><div class=\"wp-block-cover__inner-container\">\n<div class=\"wp-block-columns\">\n<div class=\"wp-block-column\">\n<h2 class=\"has-text-align-left texte-hn\" id=\"emplacements-camping-3-etoiles-a-aiguines\">Unser \u00f6kologisches Engagement im Mittelpunkt des Campingplatzes <\/h2>\n\n\n\n<p>Unser Campingplatz ist bestrebt, seine Umweltbelastung zu reduzieren und unseren Besuchern gleichzeitig ein qualitativ hochwertiges Erlebnis zu bieten. Hier sind die wichtigsten Punkte unseres \u00f6kologischen Ansatzes <\/p>\n\n\n\n<p><strong>1. Erneuerbare Energien<\/strong>: Wir nutzen Solarmodule, um das Wasser in unseren Badezimmern und im Swimmingpool zu erw\u00e4rmen und reduzieren so unsere Abh\u00e4ngigkeit von fossilen Brennstoffen und unseren CO2-Fu\u00dfabdruck.<\/p>\n\n\n\n<p><strong>2. Wassermanagement<\/strong>: Wir haben zeitverz\u00f6gerte Wasserh\u00e4hne mit Druckminderern installiert, um den Verbrauch auf 6 Liter pro Minute zu begrenzen. <\/p>\n\n\n\n<p><strong>3. \u00d6kologische Abwasserreinigung<\/strong>: Wir reinigen unser Abwasser in einer eigenen biologischen Kl\u00e4ranlage.<\/p>\n\n\n\n<p><strong>4. Umweltfreundliche Beleuchtung<\/strong>: Um unseren Energieverbrauch zu senken, stellen wir in unseren Gemeinschaftsbereichen schrittweise auf Solarbeleuchtung und Energiesparlampen um. <\/p>\n\n\n\n<p><strong>5. Umweltfreundliche Reinigungsprodukte<\/strong>: Wir verwenden biologisch abbaubare Reinigungsprodukte, minimieren die Auswirkungen auf die Umwelt und sorgen gleichzeitig f\u00fcr eine saubere Umgebung.<\/p>\n\n\n\n<p><strong>6. Abfallmanagement<\/strong>: Wir praktizieren die selektive Sortierung und Kompostierung von Gr\u00fcnabf\u00e4llen und sensibilisieren unsere Besucher f\u00fcr die Wichtigkeit dieser Ma\u00dfnahmen.<\/p>\n\n\n\n<p><strong>7. Sicheres gemeinsames Grillen<\/strong>: Unsere Grills werden mit Holzkohle betrieben und bieten eine benutzerfreundliche und umweltfreundliche L\u00f6sung.<\/p>\n<\/div>\n\n\n\n<div class=\"wp-block-column\">\n<figure class=\"wp-block-image size-full fade-left btn_resa_empl\"><img loading=\"lazy\" width=\"1012\" height=\"760\" src=\"https:\/\/www.campingsaintgabriel.com\/wp-content\/uploads\/2023\/02\/mobil-home-paca.webp\" alt=\"Mobil home PACA\" class=\"wp-image-1378\" srcset=\"https:\/\/www.campingsaintgabriel.com\/wp-content\/uploads\/2023\/02\/mobil-home-paca.webp 1012w, https:\/\/www.campingsaintgabriel.com\/wp-content\/uploads\/2023\/02\/mobil-home-paca-300x225.webp 300w, https:\/\/www.campingsaintgabriel.com\/wp-content\/uploads\/2023\/02\/mobil-home-paca-768x577.webp 768w\" sizes=\"(max-width: 1012px) 100vw, 1012px\" \/><\/figure>\n<\/div>\n<\/div>\n<\/div><\/div>\n<\/div><\/section>\n\n<section class=\"wp-container-6a0584e54a050 wp-block-group alignfull F-05-b loco-container-scroll\"><div class=\"wp-block-group__inner-container\">\n<figure class=\"wp-block-image size-large wp-embed-aspect-16-9 wp-has-aspect-ratio\"><img loading=\"lazy\" width=\"1024\" height=\"269\" src=\"https:\/\/www.campingsaintgabriel.com\/wp-content\/uploads\/2023\/01\/caravaning-bouches-du-rhone-1024x269.jpg\" alt=\"Camping Saint Gabriel: Caravaning Bouches Du Rhone\" class=\"wp-image-961\" srcset=\"https:\/\/www.campingsaintgabriel.com\/wp-content\/uploads\/2023\/01\/caravaning-bouches-du-rhone-1024x269.jpg 1024w, https:\/\/www.campingsaintgabriel.com\/wp-content\/uploads\/2023\/01\/caravaning-bouches-du-rhone-300x79.jpg 300w, https:\/\/www.campingsaintgabriel.com\/wp-content\/uploads\/2023\/01\/caravaning-bouches-du-rhone-768x202.jpg 768w, https:\/\/www.campingsaintgabriel.com\/wp-content\/uploads\/2023\/01\/caravaning-bouches-du-rhone-1536x404.jpg 1536w, https:\/\/www.campingsaintgabriel.com\/wp-content\/uploads\/2023\/01\/caravaning-bouches-du-rhone.jpg 1900w\" sizes=\"(max-width: 1024px) 100vw, 1024px\" \/><\/figure>\n\n\n\n<p class=\"texte-h\">  &#8222;Parks Values&#8220; seit 2018<\/p>\n<\/div><\/section>\n\n<section class=\"wp-container-6a0584e54a44f wp-block-group alignfull F-60-a\"><div class=\"wp-block-group__inner-container\">\n<div class=\"wp-block-cover\"><span aria-hidden=\"true\" class=\"has-blanc-background-color has-background-dim-0 wp-block-cover__gradient-background has-background-dim\"><\/span><img loading=\"lazy\" width=\"382\" height=\"510\" class=\"wp-block-cover__image-background wp-image-2280\" alt=\"Camping Saint Gabriel : 2022 08 06\" src=\"https:\/\/www.campingsaintgabriel.com\/wp-content\/uploads\/2024\/10\/2022-08-06.jpg\" data-object-fit=\"cover\" srcset=\"https:\/\/www.campingsaintgabriel.com\/wp-content\/uploads\/2024\/10\/2022-08-06.jpg 382w, https:\/\/www.campingsaintgabriel.com\/wp-content\/uploads\/2024\/10\/2022-08-06-225x300.jpg 225w\" sizes=\"(max-width: 382px) 100vw, 382px\" \/><div class=\"wp-block-cover__inner-container\">\n<div class=\"wp-block-columns\">\n<div class=\"wp-block-column\">\n<h2 class=\"has-text-align-left texte-hn\" id=\"emplacements-camping-3-etoiles-a-aiguines\"><strong>Unser zertifiziertes Engagement: Park Values \u200b\u200bMarke f\u00fcr nachhaltigen Tourismus<\/strong><\/h2>\n\n\n\n<p>Das Label<strong> Valeurs Parc<\/strong> ist eine Initiative zur <strong>F\u00f6rderung der nachhaltigen Entwicklung und des Schutzes regionaler Naturparks<\/strong> in Frankreich. Es zertifiziert Wirtschaftsakteure wie Unterk\u00fcnfte, Restaurants und Dienstleister, die sich zur Einhaltung <strong>strenger Kriterien in Bezug auf Nachhaltigkeit, Umwelt, soziale Belange und die lokale Wirtschaft verpflichten<\/strong>. Unser Campingplatz ist stolz auf die Valeurs Parc-<strong>Zertifizierung<\/strong>, <strong>die unser Engagement<\/strong> f\u00fcr nachhaltiges und verantwortungsvolles Handeln unterstreicht.  <\/p>\n\n\n\n<h2 id=\"optez-pour-un-sejour-durable-avec-nous\"><strong>Optez pour un S\u00e9jour Durable avec Nous<\/strong><\/h2>\n\n\n\n<p>Mit der Wahl unseres Campingplatzes entscheiden Sie sich f\u00fcr einen umweltfreundlichen Aufenthalt und unterst\u00fctzen lokale Initiativen. <strong>Mit der Wahl unseres Campingplatzes leisten Sie einen aktiven Beitrag zum Schutz unserer Umwelt.<\/strong><\/p>\n<\/div>\n\n\n\n<div class=\"wp-block-column\">\n<figure class=\"wp-block-image size-full fade-left btn_resa_empl is-style-default\"><img loading=\"lazy\" width=\"287\" height=\"300\" src=\"https:\/\/www.campingsaintgabriel.com\/wp-content\/uploads\/2024\/04\/alpilles.png\" alt=\"\" class=\"wp-image-1951\"\/><\/figure>\n<\/div>\n<\/div>\n<\/div><\/div>\n<\/div><\/section>\n\n<h2 id=\"pourquoi-choisir-notre-camping-avec-piscine-et-restaurant-dans-les-bouches-du-rhone\">Warum sollten Sie sich f\u00fcr unseren Campingplatz mit Schwimmbad und Restaurant in Bouches-du-Rh\u00f4ne entscheiden?<\/h2>\n\n<p>Der Campingplatz Saint Gabriel begr\u00fc\u00dft Sie in einer au\u00dfergew\u00f6hnlichen Lage, <strong>eingebettet in eine ehemalige Poststation aus dem 16<\/strong>. Jahrhundert, im Herzen der Provence. Diese authentische, <strong>geschichtstr\u00e4chtige Umgebung in der N\u00e4he des<\/strong> <strong>regionalen Naturparks Camargue<\/strong> und der <strong>Alpilles<\/strong> bietet Ihnen einen idealen Ausgangspunkt f\u00fcr einen erlebnisreichen Urlaub. Genie\u00dfen Sie eine Vielzahl von <strong>Outdoor-<a href=\"https:\/\/www.campingsaintgabriel.com\/de\/aktivitaeten-animationen\/\" data-type=\"page\" data-id=\"717\">Aktivit\u00e4ten<\/a><\/strong>: Wandern, Radfahren, Reiten oder sogar Wassersport auf der Rh\u00f4ne. Tauchen Sie ein in die provenzalische Atmosph\u00e4re, indem Sie <strong>lokale M\u00e4rkte<\/strong> erkunden, an <a href=\"https:\/\/www.campingsaintgabriel.com\/de\/umgebung\/\" data-type=\"page\" data-id=\"656\">renommierten Veranstaltungen<\/a> wie dem <strong>Festival d&#8217;Avignon<\/strong> oder den <strong>Rencontres de la Photographie d&#8217;Arles<\/strong> teilnehmen <a href=\"https:\/\/www.campingsaintgabriel.com\/de\/umgebung\/\" data-type=\"page\" data-id=\"656\">und Sehensw\u00fcrdigkeiten wie <strong>Fontvieille<\/strong>,<strong> Les Baux-de-Provence<\/strong>, <strong>Arles<\/strong>, <strong>Saint-R\u00e9my-de-Provence<\/strong>, <strong>N\u00eemes<\/strong> und <strong>Avignon<\/strong> besuchen.<\/a>   <\/p>\n\n<p>Auch die Freuden des Tisches kommen in unserem <strong><a href=\"https:\/\/www.campingsaintgabriel.com\/de\/dienste\/\" data-type=\"page\" data-id=\"652\">Restaurant<\/a><\/strong> nicht zu kurz. Unser <strong>K\u00fcchenchef arbeitet mit Leidenschaft an den Gerichten<\/strong> und der Auswahl <strong>lokaler Produkte<\/strong>, um ein unvergessliches kulinarisches Erlebnis zu gew\u00e4hrleisten.<\/p>\n\n<p>Mit einem hochwertigen<strong> <a href=\"https:\/\/www.campingsaintgabriel.com\/de\/wasserraum\/\" data-type=\"page\" data-id=\"648\">Wasserbereich<\/a> <\/strong>und zahlreichen Dienstleistungen f\u00fcr die ganze Familie ist der Campingplatz Saint Gabriel der perfekte Ort zum Entspannen in einer freundlichen und warmen Atmosph\u00e4re. Dar\u00fcber hinaus sind Ihre vierbeinigen Freunde, <strong>Hunde und Katzen, herzlich willkommen<\/strong>, Ihren Urlaub zu teilen <\/p>\n\n<p>Unser Campingplatz verfolgt einen<strong> <a href=\"https:\/\/www.campingsaintgabriel.com\/de\/camping-ecologique-bouches-du-rhone\/\" data-type=\"page\" data-id=\"951\">\u00f6kologischen<\/a><\/strong> Ansatz zum Schutz der Umwelt, ohne dabei die Qualit\u00e4t Ihres Urlaubs zu beeintr\u00e4chtigen.<\/p>\n\n<p><strong>Buchen Sie jetzt Ihren Aufenthalt<\/strong> im <strong><a href=\"https:\/\/www.campingsaintgabriel.com\/de\/vermietungen\/\" data-type=\"page\" data-id=\"644\">Mobilheim<\/a><\/strong> (1, 2 oder 3 Schlafzimmer) oder auf einem <a href=\"https:\/\/www.campingsaintgabriel.com\/de\/standorte\/\" data-type=\"page\" data-id=\"646\"><strong>Stellplatz <\/strong><\/a>f\u00fcr Zelt, Wohnwagen oder Wohnmobil. <strong>G\u00f6nnen Sie sich einen unvergesslichen Urlaub im Zeichen der Natur und des Kulturerbes<\/strong> am Fu\u00dfe der <strong>Alpilles<\/strong> und vor den Toren der <strong>Camargue<\/strong> in einer bezaubernden und zugleich historischen Umgebung.<\/p>\n","protected":false},"excerpt":{"rendered":"\u00d6kologisches Camping &#8222;Parks Values&#8220; seit 2018 Warum sollten Sie sich [&hellip;]","protected":false},"author":1,"featured_media":0,"parent":0,"menu_order":0,"comment_status":"closed","ping_status":"closed","template":"","meta":[],"acf":[],"_links":{"self":[{"href":"https:\/\/www.campingsaintgabriel.com\/de\/wp-json\/wp\/v2\/pages\/1047"}],"collection":[{"href":"https:\/\/www.campingsaintgabriel.com\/de\/wp-json\/wp\/v2\/pages"}],"about":[{"href":"https:\/\/www.campingsaintgabriel.com\/de\/wp-json\/wp\/v2\/types\/page"}],"author":[{"embeddable":true,"href":"https:\/\/www.campingsaintgabriel.com\/de\/wp-json\/wp\/v2\/users\/1"}],"replies":[{"embeddable":true,"href":"https:\/\/www.campingsaintgabriel.com\/de\/wp-json\/wp\/v2\/comments?post=1047"}],"version-history":[{"count":8,"href":"https:\/\/www.campingsaintgabriel.com\/de\/wp-json\/wp\/v2\/pages\/1047\/revisions"}],"predecessor-version":[{"id":4108,"href":"https:\/\/www.campingsaintgabriel.com\/de\/wp-json\/wp\/v2\/pages\/1047\/revisions\/4108"}],"wp:attachment":[{"href":"https:\/\/www.campingsaintgabriel.com\/de\/wp-json\/wp\/v2\/media?parent=1047"}],"curies":[{"name":"wp","href":"https:\/\/api.w.org\/{rel}","templated":true}]}}