{"id":1035,"date":"2025-09-21T10:20:57","date_gmt":"2025-09-21T08:20:57","guid":{"rendered":"https:\/\/www.campingsaintgabriel.com\/umgebung\/"},"modified":"2023-01-13T11:56:38","modified_gmt":"2023-01-13T10:56:38","slug":"umgebung","status":"publish","type":"page","link":"https:\/\/www.campingsaintgabriel.com\/de\/umgebung\/","title":{"rendered":"Umgebung"},"content":{"rendered":"\n<section class=\"wp-container-69d9f13c6edac wp-block-group alignfull F-05-b loco-container-scroll\"><div class=\"wp-block-group__inner-container\">\n<figure class=\"wp-block-image size-full wp-embed-aspect-16-9 wp-has-aspect-ratio\"><img loading=\"lazy\" width=\"1900\" height=\"500\" src=\"https:\/\/www.campingsaintgabriel.com\/wp-content\/uploads\/2022\/12\/paca-camping.jpg\" alt=\"\" class=\"wp-image-847\" srcset=\"https:\/\/www.campingsaintgabriel.com\/wp-content\/uploads\/2022\/12\/paca-camping.jpg 1900w, https:\/\/www.campingsaintgabriel.com\/wp-content\/uploads\/2022\/12\/paca-camping-300x79.jpg 300w, https:\/\/www.campingsaintgabriel.com\/wp-content\/uploads\/2022\/12\/paca-camping-1024x269.jpg 1024w, https:\/\/www.campingsaintgabriel.com\/wp-content\/uploads\/2022\/12\/paca-camping-768x202.jpg 768w, https:\/\/www.campingsaintgabriel.com\/wp-content\/uploads\/2022\/12\/paca-camping-1536x404.jpg 1536w\" sizes=\"(max-width: 1900px) 100vw, 1900px\" \/><\/figure>\n\n\n<p class=\"texte-h\">In der Umgebung<\/p>\n<\/div><\/section>\n\n<section class=\"wp-container-69d9f13c6f2c0 wp-block-group F-35-a\"><div class=\"wp-block-group__inner-container\">\n<div class=\"wp-block-columns\">\n<div class=\"wp-block-column\">\n<h1 class=\"has-text-align-left texte-hn\" id=\"decouvrez-les-gorges-du-verdon\">Camping Alpilles: Entdecken Sie die Sch\u00e4tze der Provence<\/h1>\n\n\n\n<p>Das <strong>Massif des Alpilles<\/strong> ist ein Naturschatz der <strong>Provence<\/strong> und ein Muss f\u00fcr jeden Besuch in der Region. Diese Bergkette liegt im n\u00f6rdlichen Teil des D\u00e9partements <strong>Bouches-du-Rh\u00f4ne<\/strong> und bietet eine Vielfalt an Landschaften und <a href=\"https:\/\/www.campingsaintgabriel.com\/nl\/alentours\/bezoek-de-mooiste-dorpen-in-de-bouches-du-rhone\/\" data-type=\"alentours\" data-id=\"906\">denkmalgesch\u00fctzten provenzalischen D\u00f6rfern<\/a>. Zwischen Natur und alten Steinen werden die Besucher \u00fcber diese Region der PACA nur staunen k\u00f6nnen. Ein <strong>Campingurlaub in den Alpilles in<\/strong> <a href=\"https:\/\/www.campingsaintgabriel.com\/nl\/alentours\/camping-tarascon\/\" data-type=\"alentours\" data-id=\"878\">Tarascon<\/a>, bei dem Sie sich f\u00fcr einen Stellplatz oder eine Mietunterkunft auf dem Campingplatz Saint Gabriel entscheiden, ist daher die ideale Gelegenheit, zahlreiche Sehensw\u00fcrdigkeiten zu entdecken.<\/p>\n<\/div>\n\n\n\n<div class=\"wp-block-column\">\n<div class=\"wp-block-columns pictos\">\n<div class=\"wp-block-column\"><i class=\"fal fa-place-of-worship\"><\/i>\n\n\n\n<p class=\"has-text-align-left\">Authentische D\u00f6rfer<\/p>\n<\/div>\n\n\n\n<div class=\"wp-block-column\"><i class=\"fal fa-biking\"><\/i>\n\n\n\n<p class=\"has-text-align-left\">Fahrradtouren<\/p>\n<\/div>\n\n\n\n<div class=\"wp-block-column\"><i class=\"fal fa-utensils\"><\/i>\n\n\n\n<p class=\"has-text-align-left\">Gastronomie<\/p>\n<\/div>\n<\/div>\n<\/div>\n<\/div>\n<\/div><\/section>\n\r\n<section id=\"fc-alentours\" class=\"wp-block-columns\">\r\n\r\n  <div id=\"listing-alentours\" class=\"wp-block-column\">\r\n    \r\n    <div class=\"filtres\">\r\n      <div>\r\n        <input id=\"all\" name=\"filter\" type=\"radio\" class=\"all-input\" checked=\"checked\" \/>\r\n        <label for=\"all\" class=\"all-label\">Alle Orte<\/label>\r\n      <\/div>\r\n      <div><input id=\"entdeckung\" name=\"filter\" type=\"radio\" \/><label for=\"entdeckung\">Entdeckung<\/label><\/div>      <input type='hidden' id='current_page'\/>\r\n      <input type='hidden' id='show_per_page'\/>\r\n    <\/div>\r\n\r\n    <div id=\"listing\">\r\n              <a href=\"https:\/\/www.campingsaintgabriel.com\/de\/alentours\/besuchen-und-auf-dem-campingplatz-in-arles-uebernachten\/\" class=\"lieu-alentour currentCat visuel\" data-cat=\"entdeckung\" data-slug=\"besuchen-und-auf-dem-campingplatz-in-arles-uebernachten\" data-icone=\"\" data-couleur=\"\" data-latitude=\"43.676647\" data-longitude=\"4.6277769\">\r\n          <div class=\"texte-lieu\">\r\n            <p class=\"categorie-lieu\">\r\n              <i class=\"fas fa-thumbtack sa\"><\/i>Entdeckung            <\/p>\r\n            <p class=\"titre-lieu\">Arles<\/p>\r\n          <\/div>\r\n          <img width=\"1000\" height=\"667\" src=\"https:\/\/www.campingsaintgabriel.com\/wp-content\/uploads\/2025\/11\/ADO_Arles.webp\" class=\"attachment-large size-large\" alt=\"\" loading=\"lazy\" srcset=\"https:\/\/www.campingsaintgabriel.com\/wp-content\/uploads\/2025\/11\/ADO_Arles.webp 1000w, https:\/\/www.campingsaintgabriel.com\/wp-content\/uploads\/2025\/11\/ADO_Arles-300x200.webp 300w, https:\/\/www.campingsaintgabriel.com\/wp-content\/uploads\/2025\/11\/ADO_Arles-768x512.webp 768w\" sizes=\"(max-width: 1000px) 100vw, 1000px\" \/>        <\/a>\r\n              <a href=\"https:\/\/www.campingsaintgabriel.com\/de\/alentours\/campingplatz-baux-de-provence\/\" class=\"lieu-alentour currentCat visuel\" data-cat=\"entdeckung\" data-slug=\"campingplatz-baux-de-provence\" data-icone=\"\" data-couleur=\"\" data-latitude=\"43.743887\" data-longitude=\"4.795495\">\r\n          <div class=\"texte-lieu\">\r\n            <p class=\"categorie-lieu\">\r\n              <i class=\"fas fa-thumbtack sa\"><\/i>Entdeckung            <\/p>\r\n            <p class=\"titre-lieu\">Baux de Provence<\/p>\r\n          <\/div>\r\n          <img width=\"800\" height=\"533\" src=\"https:\/\/www.campingsaintgabriel.com\/wp-content\/uploads\/2022\/12\/ADO_Baux-de-Provence.webp\" class=\"attachment-large size-large\" alt=\"Les Baux de Provence\" loading=\"lazy\" srcset=\"https:\/\/www.campingsaintgabriel.com\/wp-content\/uploads\/2022\/12\/ADO_Baux-de-Provence.webp 800w, https:\/\/www.campingsaintgabriel.com\/wp-content\/uploads\/2022\/12\/ADO_Baux-de-Provence-300x200.webp 300w, https:\/\/www.campingsaintgabriel.com\/wp-content\/uploads\/2022\/12\/ADO_Baux-de-Provence-768x512.webp 768w\" sizes=\"(max-width: 800px) 100vw, 800px\" \/>        <\/a>\r\n              <a href=\"https:\/\/www.campingsaintgabriel.com\/de\/alentours\/camping-in-den-alpilles\/\" class=\"lieu-alentour currentCat visuel\" data-cat=\"entdeckung\" data-slug=\"camping-in-den-alpilles\" data-icone=\"\" data-couleur=\"\" data-latitude=\"43.7577242\" data-longitude=\"4.8512089\">\r\n          <div class=\"texte-lieu\">\r\n            <p class=\"categorie-lieu\">\r\n              <i class=\"fas fa-thumbtack sa\"><\/i>Entdeckung            <\/p>\r\n            <p class=\"titre-lieu\">Alpilles<\/p>\r\n          <\/div>\r\n          <img width=\"800\" height=\"451\" src=\"https:\/\/www.campingsaintgabriel.com\/wp-content\/uploads\/2022\/12\/ADO_Alpilles.webp\" class=\"attachment-large size-large\" alt=\"Le massif des Alpilles\" loading=\"lazy\" srcset=\"https:\/\/www.campingsaintgabriel.com\/wp-content\/uploads\/2022\/12\/ADO_Alpilles.webp 800w, https:\/\/www.campingsaintgabriel.com\/wp-content\/uploads\/2022\/12\/ADO_Alpilles-300x169.webp 300w, https:\/\/www.campingsaintgabriel.com\/wp-content\/uploads\/2022\/12\/ADO_Alpilles-768x433.webp 768w\" sizes=\"(max-width: 800px) 100vw, 800px\" \/>        <\/a>\r\n              <a href=\"https:\/\/www.campingsaintgabriel.com\/de\/alentours\/campingplatz-st-remy-de-provence\/\" class=\"lieu-alentour currentCat visuel\" data-cat=\"entdeckung\" data-slug=\"campingplatz-st-remy-de-provence\" data-icone=\"\" data-couleur=\"\" data-latitude=\"43.788652\" data-longitude=\"4.831343\">\r\n          <div class=\"texte-lieu\">\r\n            <p class=\"categorie-lieu\">\r\n              <i class=\"fas fa-thumbtack sa\"><\/i>Entdeckung            <\/p>\r\n            <p class=\"titre-lieu\">St Remy de Provence<\/p>\r\n          <\/div>\r\n          <img width=\"1024\" height=\"683\" src=\"https:\/\/www.campingsaintgabriel.com\/wp-content\/uploads\/2022\/12\/ADO_St-Remy-de-Provence-1024x683.webp\" class=\"attachment-large size-large\" alt=\"Ruelle de Saint R\u00e9my de Provence\" loading=\"lazy\" srcset=\"https:\/\/www.campingsaintgabriel.com\/wp-content\/uploads\/2022\/12\/ADO_St-Remy-de-Provence-1024x683.webp 1024w, https:\/\/www.campingsaintgabriel.com\/wp-content\/uploads\/2022\/12\/ADO_St-Remy-de-Provence-300x200.webp 300w, https:\/\/www.campingsaintgabriel.com\/wp-content\/uploads\/2022\/12\/ADO_St-Remy-de-Provence-768x512.webp 768w, https:\/\/www.campingsaintgabriel.com\/wp-content\/uploads\/2022\/12\/ADO_St-Remy-de-Provence.webp 1200w\" sizes=\"(max-width: 1024px) 100vw, 1024px\" \/>        <\/a>\r\n              <a href=\"https:\/\/www.campingsaintgabriel.com\/de\/alentours\/besuchen-und-uebernachten-sie-auf-einem-campingplatz-in-der-naehe-der-camargue\/\" class=\"lieu-alentour currentCat visuel\" data-cat=\"entdeckung\" data-slug=\"besuchen-und-uebernachten-sie-auf-einem-campingplatz-in-der-naehe-der-camargue\" data-icone=\"\" data-couleur=\"\" data-latitude=\"43.5939088\" data-longitude=\"4.4689834\">\r\n          <div class=\"texte-lieu\">\r\n            <p class=\"categorie-lieu\">\r\n              <i class=\"fas fa-thumbtack sa\"><\/i>Entdeckung            <\/p>\r\n            <p class=\"titre-lieu\">La Camargue<\/p>\r\n          <\/div>\r\n          <img width=\"451\" height=\"300\" src=\"https:\/\/www.campingsaintgabriel.com\/wp-content\/uploads\/2022\/12\/horses-gfacb826e9_640.webp\" class=\"attachment-large size-large\" alt=\"Chevaux de Camargue\" loading=\"lazy\" srcset=\"https:\/\/www.campingsaintgabriel.com\/wp-content\/uploads\/2022\/12\/horses-gfacb826e9_640.webp 451w, https:\/\/www.campingsaintgabriel.com\/wp-content\/uploads\/2022\/12\/horses-gfacb826e9_640-300x200.webp 300w\" sizes=\"(max-width: 451px) 100vw, 451px\" \/>        <\/a>\r\n              <a href=\"https:\/\/www.campingsaintgabriel.com\/de\/alentours\/besuchen-sie-die-schoensten-doerfer-der-bouches-du-rhone\/\" class=\"lieu-alentour currentCat visuel\" data-cat=\"entdeckung\" data-slug=\"besuchen-sie-die-schoensten-doerfer-der-bouches-du-rhone\" data-icone=\"\" data-couleur=\"\" data-latitude=\"43.5911679\" data-longitude=\"5.3102505\">\r\n          <div class=\"texte-lieu\">\r\n            <p class=\"categorie-lieu\">\r\n              <i class=\"fas fa-thumbtack sa\"><\/i>Entdeckung            <\/p>\r\n            <p class=\"titre-lieu\">Les plus beaux villages des bouches du Rh\u00f4ne<\/p>\r\n          <\/div>\r\n          <img width=\"400\" height=\"300\" src=\"https:\/\/www.campingsaintgabriel.com\/wp-content\/uploads\/2022\/12\/museum-baroncelli-1522033__340.webp\" class=\"attachment-large size-large\" alt=\"\" loading=\"lazy\" srcset=\"https:\/\/www.campingsaintgabriel.com\/wp-content\/uploads\/2022\/12\/museum-baroncelli-1522033__340.webp 400w, https:\/\/www.campingsaintgabriel.com\/wp-content\/uploads\/2022\/12\/museum-baroncelli-1522033__340-300x225.webp 300w\" sizes=\"(max-width: 400px) 100vw, 400px\" \/>        <\/a>\r\n              <a href=\"https:\/\/www.campingsaintgabriel.com\/de\/alentours\/campingplatz-fontvieille\/\" class=\"lieu-alentour currentCat visuel\" data-cat=\"\" data-slug=\"campingplatz-fontvieille\" data-icone=\"\" data-couleur=\"\" data-latitude=\"43.725522\" data-longitude=\"4.70941\">\r\n          <div class=\"texte-lieu\">\r\n            <p class=\"categorie-lieu\">\r\n              <i class=\"fas fa-thumbtack\"><\/i>Ohne Kategorie            <\/p>\r\n            <p class=\"titre-lieu\">Fontvieille<\/p>\r\n          <\/div>\r\n          <img width=\"1024\" height=\"651\" src=\"https:\/\/www.campingsaintgabriel.com\/wp-content\/uploads\/2022\/12\/ADO_Fontvieille-Moulin-Daudet-1024x651.webp\" class=\"attachment-large size-large\" alt=\"Moulin de Daudet \u00e0 Fontvieille\" loading=\"lazy\" srcset=\"https:\/\/www.campingsaintgabriel.com\/wp-content\/uploads\/2022\/12\/ADO_Fontvieille-Moulin-Daudet-1024x651.webp 1024w, https:\/\/www.campingsaintgabriel.com\/wp-content\/uploads\/2022\/12\/ADO_Fontvieille-Moulin-Daudet-300x191.webp 300w, https:\/\/www.campingsaintgabriel.com\/wp-content\/uploads\/2022\/12\/ADO_Fontvieille-Moulin-Daudet-768x488.webp 768w, https:\/\/www.campingsaintgabriel.com\/wp-content\/uploads\/2022\/12\/ADO_Fontvieille-Moulin-Daudet.webp 1200w\" sizes=\"(max-width: 1024px) 100vw, 1024px\" \/>        <\/a>\r\n              <a href=\"https:\/\/www.campingsaintgabriel.com\/de\/alentours\/campingplatz-beaucaire\/\" class=\"lieu-alentour currentCat visuel\" data-cat=\"entdeckung\" data-slug=\"campingplatz-beaucaire\" data-icone=\"\" data-couleur=\"\" data-latitude=\"43.807235\" data-longitude=\"4.644269\">\r\n          <div class=\"texte-lieu\">\r\n            <p class=\"categorie-lieu\">\r\n              <i class=\"fas fa-thumbtack sa\"><\/i>Entdeckung            <\/p>\r\n            <p class=\"titre-lieu\">Beaucaire<\/p>\r\n          <\/div>\r\n          <img width=\"800\" height=\"533\" src=\"https:\/\/www.campingsaintgabriel.com\/wp-content\/uploads\/2022\/12\/ADO_Beaucaire.webp\" class=\"attachment-large size-large\" alt=\"\" loading=\"lazy\" srcset=\"https:\/\/www.campingsaintgabriel.com\/wp-content\/uploads\/2022\/12\/ADO_Beaucaire.webp 800w, https:\/\/www.campingsaintgabriel.com\/wp-content\/uploads\/2022\/12\/ADO_Beaucaire-300x200.webp 300w, https:\/\/www.campingsaintgabriel.com\/wp-content\/uploads\/2022\/12\/ADO_Beaucaire-768x512.webp 768w\" sizes=\"(max-width: 800px) 100vw, 800px\" \/>        <\/a>\r\n              <a href=\"https:\/\/www.campingsaintgabriel.com\/de\/alentours\/campingplatz-tarascon\/\" class=\"lieu-alentour currentCat visuel\" data-cat=\"\" data-slug=\"campingplatz-tarascon\" data-icone=\"\" data-couleur=\"\" data-latitude=\"43.806044\" data-longitude=\"4.65752\">\r\n          <div class=\"texte-lieu\">\r\n            <p class=\"categorie-lieu\">\r\n              <i class=\"fas fa-thumbtack\"><\/i>Ohne Kategorie            <\/p>\r\n            <p class=\"titre-lieu\">Tarascon<\/p>\r\n          <\/div>\r\n          <img width=\"800\" height=\"533\" src=\"https:\/\/www.campingsaintgabriel.com\/wp-content\/uploads\/2022\/12\/ADO_Tarascon.webp\" class=\"attachment-large size-large\" alt=\"\" loading=\"lazy\" srcset=\"https:\/\/www.campingsaintgabriel.com\/wp-content\/uploads\/2022\/12\/ADO_Tarascon.webp 800w, https:\/\/www.campingsaintgabriel.com\/wp-content\/uploads\/2022\/12\/ADO_Tarascon-300x200.webp 300w, https:\/\/www.campingsaintgabriel.com\/wp-content\/uploads\/2022\/12\/ADO_Tarascon-768x512.webp 768w\" sizes=\"(max-width: 800px) 100vw, 800px\" \/>        <\/a>\r\n          <\/div>\r\n    <div id='page_navigation'><\/div>\r\n  <\/div>\r\n\r\n  <div id=\"map-alentours\" class=\"wp-block-column\">\r\n    <div id=\"map\"><\/div>\r\n  <\/div>\r\n\r\n<\/section>\r\n\r\n\n<div class=\"wp-block-columns boxage\">\n<div class=\"wp-block-column\">\n<h2 id=\"camping-les-baux-de-provence\">Campingplatz Les Baux de Provence<\/h2>\n\n\n\n<p>Les <a href=\"https:\/\/www.campingsaintgabriel.com\/nl\/alentours\/camping-baux-de-provence\/\" data-type=\"alentours\" data-id=\"888\">Baux de Provence<\/a>, <strong>eines der sch\u00f6nsten D\u00f6rfer Frankreichs<\/strong>. 15 Minuten vom <strong>Campingplatz in Tarascon<\/strong> entfernt haben Sie ein Rendezvous mit dem provenzalischen Charme! Platz f\u00fcr Entdeckungen im Herzen des au\u00dfergew\u00f6hnlichen Rahmens des Naturparks <strong>Alpilles<\/strong>; auf dem Programm stehen Geschichte &amp; Kulturerbe, Wanderungen, Kunsthandwerk, typische kleine Pl\u00e4tze, enge Gassen&#8230;<\/p>\n\n\n\n<h2 id=\"camping-saint-remy-de-provence\">Campingplatz Saint R\u00e9my de Provence<\/h2>\n\n\n\n<p>Im Herzen des <strong>Alpilles-Massivs<\/strong> beherbergt <a href=\"https:\/\/www.campingsaintgabriel.com\/nl\/alentours\/camping-st-remy-de-provence\/\" data-type=\"alentours\" data-id=\"889\">St Remy de Provence<\/a> zahlreiche Sch\u00e4tze, die es zu entdecken gilt. Nur 15 Minuten von Ihrem Campingplatz in Tarascon, Le St Gabriel, entfernt, k\u00f6nnen Sie die provenzalische Lebensart genie\u00dfen. Produkte aus der Region, Weinberge, Geschichte &amp; Kulturerbe, Kunsthandwerk und Kunst warten auf Sie! Auch der Maler Van Gogh soll hier gewesen sein&#8230;<\/p>\n\n\n\n<h2 id=\"camping-saint-remy-de-provence\">Campingplatz Tarascon<\/h2>\n\n\n\n<p>In der N\u00e4he der provenzalischen D\u00f6rfer Les Baux de Provence, Saint R\u00e9my de Provence, Fontvieille sowie von Arles gelegen, ist ein Aufenthalt auf dem Campingplatz in den Alpilles in Tarascon ideal, um die Region zu erkunden. Au\u00dferdem haben Urlauber die Mu\u00dfe, das Schloss von Tarascon zu besichtigen.<\/p>\n\n\n\n<h2 id=\"camping-fontvieille\">Campingplatz Fontvieille<\/h2>\n\n\n\n<p>Fontvieille ist ein h\u00fcbsches Dorf im S\u00fcden der Alpilles, vor den Toren der Camargue. Nur einen Katzensprung von Arles und Les Baux-de-Provence entfernt, ist Fontvieille ein charmanter und ruhiger Ausflug, der Sie ohne Reue zur\u00fccklassen wird.<\/p>\n<\/div>\n\n\n\n<div class=\"wp-block-column\">\n<h2 id=\"camping-les-baux-de-provence\">Camping in den Alpilles<\/h2>\n\n\n\n<p>Die <a href=\"https:\/\/www.campingsaintgabriel.com\/nl\/alentours\/kamperen-in-de-alpilles\/\" data-type=\"alentours\" data-id=\"877\">Alpilles<\/a> befinden sich in einem regionalen Naturpark und wurden von der Natur und den Menschen, die hier ihre D\u00f6rfer errichtet haben, geformt. Dieses Bergmassiv wird Ihre Sehnsucht nach Kontemplation w\u00e4hrend Ihres <strong>Campingaufenthalts in den Alpilles<\/strong>, nach R\u00fcckkehr zur Natur und nach Sport befriedigen! Wander-, Geschichts- und Weinliebhaber werden hier sicher f\u00fcndig.<\/p>\n\n\n\n<h2 id=\"camping-les-baux-de-provence\">Campingplatz Arles<\/h2>\n\n\n\n<p>Bei Ihrem n\u00e4chsten <strong>Aufenthalt auf dem Campingplatz in den Alpilles<\/strong> k\u00f6nnen Sie auch von der idealen Lage des Ortes profitieren, von dem aus Sie <a href=\"https:\/\/www.campingsaintgabriel.com\/nl\/alentours\/bezoek-en-verblijf-op-de-camping-in-arles\/\" data-type=\"alentours\" data-id=\"895\">Arles<\/a> erreichen k\u00f6nnen. Es liegt nur wenige Kilometer von Tarascon entfernt und bietet den Besuchern einen wahren Einblick in die Geschichte. Von unserem <strong>Campingplatz in der N\u00e4he von Arles<\/strong> aus kann man n\u00e4mlich die Stadt und ihre antiken Sehensw\u00fcrdigkeiten wie die Arena von Arles, die Thermen usw. besichtigen.<\/p>\n\n\n\n<h2 id=\"camping-les-baux-de-provence\">Campingplatz Camargues<\/h2>\n\n\n\n<p>Wer hat nicht schon einmal davon getr\u00e4umt <a href=\"https:\/\/www.campingsaintgabriel.com\/nl\/alentours\/bezoek-en-verblijf-op-een-camping-in-de-buurt-van-de-camargue\/\" data-type=\"alentours\" data-id=\"911\">\n  <strong>die Camargue zu entdecken<\/strong>\n<\/a> ? Diese Region liegt am Mittelmeer und vermittelt ein Gef\u00fchl von Urlaub. Reiten, Manaden, typische St\u00e4dte, Kulturerbe, rosa Flamingos, Gastronomie &#8211; hier ist alles vereint, um sch\u00f6ne Entdeckungen zu machen, mit Freunden, der Familie, zu zweit&#8230; Egal, was es ist, Sie werden nicht entt\u00e4uscht sein! Dank der g\u00fcnstigen Lage Ihres <strong>PACA-Campingplatzes<\/strong> Le Saint-Gabriel erreichen Sie schnell die mythische Camargue!<\/p>\n\n\n\n<h2 id=\"camping-les-baux-de-provence\">Campingplatz la Montagnette<\/h2>\n\n\n\n<p>Dieser H\u00fcgel tr\u00e4gt seinen Namen zu Recht, denn es handelt sich um einen kleinen Berg, der das Zeug zu einem gro\u00dfen hat! Sie liegt n\u00e4mlich im D\u00e9partement <strong>Bouches du Rh\u00f4ne<\/strong> in mehreren Gemeinden und ist nicht weniger als 4000 Hektar gro\u00df! Sie steht den anderen in nichts nach, da sie ein herrliches Panorama der Provence bietet, das es w\u00e4hrend eines Aufenthalts auf dem Campingplatz PACA zu entdecken gilt.<\/p>\n<\/div>\n<\/div>\n","protected":false},"excerpt":{"rendered":"In der Umgebung Camping Alpilles: Entdecken Sie die Sch\u00e4tze der [&hellip;]","protected":false},"author":1,"featured_media":0,"parent":0,"menu_order":0,"comment_status":"closed","ping_status":"closed","template":"","meta":[],"acf":[],"_links":{"self":[{"href":"https:\/\/www.campingsaintgabriel.com\/de\/wp-json\/wp\/v2\/pages\/1035"}],"collection":[{"href":"https:\/\/www.campingsaintgabriel.com\/de\/wp-json\/wp\/v2\/pages"}],"about":[{"href":"https:\/\/www.campingsaintgabriel.com\/de\/wp-json\/wp\/v2\/types\/page"}],"author":[{"embeddable":true,"href":"https:\/\/www.campingsaintgabriel.com\/de\/wp-json\/wp\/v2\/users\/1"}],"replies":[{"embeddable":true,"href":"https:\/\/www.campingsaintgabriel.com\/de\/wp-json\/wp\/v2\/comments?post=1035"}],"version-history":[{"count":3,"href":"https:\/\/www.campingsaintgabriel.com\/de\/wp-json\/wp\/v2\/pages\/1035\/revisions"}],"predecessor-version":[{"id":1038,"href":"https:\/\/www.campingsaintgabriel.com\/de\/wp-json\/wp\/v2\/pages\/1035\/revisions\/1038"}],"wp:attachment":[{"href":"https:\/\/www.campingsaintgabriel.com\/de\/wp-json\/wp\/v2\/media?parent=1035"}],"curies":[{"name":"wp","href":"https:\/\/api.w.org\/{rel}","templated":true}]}}